{"id":577,"date":"2019-04-22T11:57:56","date_gmt":"2019-04-22T09:57:56","guid":{"rendered":"http:\/\/wildshot.at\/?page_id=577"},"modified":"2024-10-13T20:30:59","modified_gmt":"2024-10-13T18:30:59","slug":"about-us","status":"publish","type":"page","link":"https:\/\/wildshot.at\/de\/about-us\/","title":{"rendered":"\u00dcBER UNS"},"content":{"rendered":"<div class=\"wpb-content-wrapper\"><div data-vc-full-width=\"true\" data-vc-full-width-init=\"false\" data-vc-stretch-content=\"true\" class=\"vc_row wpb_row vc_row-fluid vc_row-5cd93467e61fb vc_row-no-padding\"><div class=\"wpb_column vc_column_container vc_col-sm-12 vc_row-69ea212d310c8\"><div class=\"vc_column-inner\"><div class=\"wpb_wrapper\">    <section class=\"banner-area banner-area-5cd921458e92c banner-default\">\n            <div class=\"banner-item tal\" style=\"height: 540px;\">\n        \n    <div class=\"bg-overlay\">\n                        <div class=\"image\" data-parallax=\"true\" data-image-src=\"https:\/\/wildshot.at\/wp-content\/uploads\/2022\/08\/Website-About-2.jpg\" data-position-y=\"top\" data-speed=\"0.8\"><\/div>\n                                <div class=\"color\"><\/div>\n          <\/div>\n\n            <div class=\"container\">\n          <div class=\"row align-items-center fixed-height\" style=\"height: 540px;\">\n            <div class=\"col\">\n                              <div class=\"heading-block tal\">\n                                      <h1 class=\"h\"><span>WIE WIR ARBEITEN<\/span><\/h1>\n                                  <\/div>\n                              <a class=\"play-button-style2 single-popup-item\" href=\"#\" data-magic-cursor=\"link\" data-type=\"video\" data-size=\"1920x1080\" data-video='<div class=\"wrapper\"><div class=\"video-wrapper\"><iframe loading=\"lazy\" class=\"pswp__video\" width=\"1920\" height=\"1080\" src=\"https:\/\/player.vimeo.com\/video\/737683531?byline=0&#038;portrait=0&#038;amp\" frameborder=\"0\" allowfullscreen><\/iframe><\/div><\/div>'>\n                  <svg>\n                    <use xlink:href=\"#dotted-circle\"><\/use>\n                  <\/svg>\n                  <i class=\"essential-compilation-play-button\"><\/i>\n                  <i class=\"essential-compilation-play-button\"><\/i>\n                  <span>Play<\/span>\n                <\/a>\n                          <\/div>\n          <\/div>\n        <\/div>\n      <\/div>\n    <\/section>\n    <\/div><\/div><\/div><\/div><div class=\"vc_row-full-width vc_clearfix\"><\/div><div data-vc-full-width=\"true\" data-vc-full-width-init=\"false\" class=\"vc_row wpb_row vc_row-fluid vc_custom_1728385349851 vc_row-5cd940c34e579 vc_row-has-fill\"><div class=\"wpb_column vc_column_container vc_col-sm-12 vc_col-lg-offset-2 vc_col-lg-8 vc_col-md-offset-1 vc_col-md-10 vc_row-5cd939e4c0a2d\"><div class=\"vc_column-inner\"><div class=\"wpb_wrapper\">    <div class=\"testimonials-block testimonials-items-5cd93a3558635 testimonials-block-style1\">\n              <div class=\"prev base-icon-back\" data-magic-cursor=\"link-small\"><\/div>\n        <div class=\"next base-icon-next-1\" data-magic-cursor=\"link-small\"><\/div>\n            <div class=\"swiper-container\" data-magic-cursor=\"link-w-text\" data-magic-cursor-text=\"Drag\">\n        <div class=\"swiper-wrapper\">\n              <div class=\"testimonials-item swiper-slide testimonials-item-5cd93a3dc942c\">\n                                    <div class=\"quote\">We are adventurers, visionaries, creatives and storytellers<\/div>\n                            <\/div>\n            <\/div>\n      <\/div>\n    <\/div>\n    <\/div><\/div><\/div><\/div><div class=\"vc_row-full-width vc_clearfix\"><\/div><div data-vc-full-width=\"true\" data-vc-full-width-init=\"false\" class=\"vc_row wpb_row vc_row-fluid vc_custom_1728385430511 vc_row-5cd9387346374 vc_row-has-fill\"><div class=\"wpb_column vc_column_container vc_col-sm-12 vc_row-69ea212d31e22\"><div class=\"vc_column-inner\"><div class=\"wpb_wrapper\">    <div class=\"tabs-block tabs-block-5cd934f48a566 vertical\">\r\n      <div class=\"tb-buttons\">\r\n                  <div class=\"button\" data-magic-cursor=\"link-small\" data-title=\"POWERFUL\"><span>KRAFT<\/span><\/div>\r\n                  <div class=\"button\" data-magic-cursor=\"link-small\" data-title=\"COMMITMENT\"><span>ENGAGEMENT<\/span><\/div>\r\n                  <div class=\"button\" data-magic-cursor=\"link-small\" data-title=\"INNOVATION\"><span>INNOVATION<\/span><\/div>\r\n                  <div class=\"button\" data-magic-cursor=\"link-small\" data-title=\"SOCIAL MEDIA\"><span>SOCIAL MEDIA<\/span><\/div>\r\n              <\/div>\r\n      <div class=\"tb-wrap\">\r\n            <div class=\"wrap\">\r\n      <div class=\"tb-m-button\"><span>KRAFT<\/span><\/div>\r\n      <div class=\"wrap-inner\">\r\n        <div class=\"inner-content\">\r\n                <div class=\"heading-block heading-5d8207efb58b3 tal h-h5 type-accent\">\n                  <h5 class=\"h\">Unsere Mission ist es, <span>kraftvolle Inhalte<\/span> zu erstellen.<\/h5>\n              <\/div>\n    \n\t<div class=\"wpb_text_column wpb_content_element text-t1\" >\n\t\t<div class=\"wpb_wrapper\">\n\t\t\t<p>Wir sind eine kreative Werbeagentur mit Sitz in Wien, die sich darauf spezialisiert hat, einzigartigen Content zu erstellen, um die Markenbekanntheit zu steigern und Produkte weltweit zu bewerben.<\/p>\n<div class=\"flex max-w-full flex-col flex-grow\">\n<div class=\"min-h-8 text-message flex w-full flex-col items-end gap-2 whitespace-normal break-words &#091;.text-message+&amp;&#093;:mt-5\" dir=\"auto\" data-message-author-role=\"assistant\" data-message-id=\"0219d469-6076-4544-acc7-47fed2815f4f\" data-message-model-slug=\"gpt-4o\">\n<div class=\"flex w-full flex-col gap-1 empty:hidden first:pt-&#091;3px&#093;\">\n<div class=\"markdown prose w-full break-words dark:prose-invert light\">\n<p>Bei Wildshot bieten wir umfassende <strong>Dienstleistungen zur Inhaltsproduktion<\/strong> f\u00fcr Unternehmen und Werbeagenturen an. Unser Fachgebiet umfasst <strong>Videoproduktion<\/strong>, <strong>Fotografie<\/strong>, <strong>Social-Media-Inhalte<\/strong>, <strong>Grafikdesign<\/strong>, <strong>Markenidentit\u00e4tsdesign<\/strong>, und <strong>Produktdesign<\/strong>. Wir bieten auch <strong>komplett betreute Kampagnen an<\/strong>, bei denen wir die Strategie entwerfen, den Content produzieren und die Umsetzung \u00fcbernehmen. Ob du eine starke Markenpr\u00e4senz aufbauen oder kreative Marketingkampagnen entwickeln m\u00f6chtest \u2013 wir liefern ma\u00dfgeschneiderte L\u00f6sungen, die dir helfen, dich von der Konkurrenz abzuheben und dein Zielpublikum zu begeistern.<\/p>\n<\/div>\n<\/div>\n<\/div>\n<\/div>\n<div class=\"mb-2 flex gap-3 empty:hidden -ml-2\">\n<div class=\"items-center justify-start rounded-xl p-1 z-10 -mt-1 bg-token-main-surface-primary md:absolute md:sr-only\">\n<div class=\"flex items-center\"><\/div>\n<\/div>\n<\/div>\n\n\t\t<\/div>\n\t<\/div>\n        <\/div>\r\n      <\/div>\r\n    <\/div>\r\n        <div class=\"wrap\">\r\n      <div class=\"tb-m-button\"><span>ENGAGEMENT<\/span><\/div>\r\n      <div class=\"wrap-inner\">\r\n        <div class=\"inner-content\">\r\n                <div class=\"heading-block heading-5d820b85f602f tal h-h5 type-accent\">\n                  <h5 class=\"h\">Details machen <span>Perfektion aus<\/span>.<\/h5>\n              <\/div>\n    \n\t<div class=\"wpb_text_column wpb_content_element text-t1\" >\n\t\t<div class=\"wpb_wrapper\">\n\t\t\t<p>Wir arbeiten mit einer Vielzahl talentierter Partner zusammen und k\u00f6nnen uns an deine spezifischen Bed\u00fcrfnisse anpassen. Wir k\u00f6nnen dir bei der Konzeptgestaltung, kreativen Leitung, Storyboard, Inhaltserstellung und Postproduktion helfen.<\/p>\n\n\t\t<\/div>\n\t<\/div>\n        <\/div>\r\n      <\/div>\r\n    <\/div>\r\n        <div class=\"wrap\">\r\n      <div class=\"tb-m-button\"><span>INNOVATION<\/span><\/div>\r\n      <div class=\"wrap-inner\">\r\n        <div class=\"inner-content\">\r\n                <div class=\"heading-block heading-5d820cc287645 tal h-h5 type-accent\">\n                  <h5 class=\"h\">Wir denken gerne <span>ohne Grenzen.<\/span><\/h5>\n              <\/div>\n    \n\t<div class=\"wpb_text_column wpb_content_element text-t1\" >\n\t\t<div class=\"wpb_wrapper\">\n\t\t\t<p>Unkonventionelle und originelle Projekte sind unsere Leidenschaft.<\/p>\n<p>Wenn dein Projekt nicht den Standards entspricht oder du dir nicht sicher bist, wie du es angehen sollst, setzen wir uns gerne mit dir zusammen und finden gemeinsam eine kreative L\u00f6sung!<\/p>\n\n\t\t<\/div>\n\t<\/div>\n        <\/div>\r\n      <\/div>\r\n    <\/div>\r\n        <div class=\"wrap\">\r\n      <div class=\"tb-m-button\"><span>SOCIAL MEDIA<\/span><\/div>\r\n      <div class=\"wrap-inner\">\r\n        <div class=\"inner-content\">\r\n                <div class=\"heading-block heading-5d820dd2b4170 tal h-h5 type-accent\">\n                  <h5 class=\"h\">Inhalt ist <span>K\u00f6nig.<\/span><\/h5>\n              <\/div>\n    \n\t<div class=\"wpb_text_column wpb_content_element text-t1\" >\n\t\t<div class=\"wpb_wrapper\">\n\t\t\t<p>Wir helfen dir, deine Social-Media-Inhalte im Voraus zu gestalten und zu planen, damit du eine starke und konsistente Online-Pr\u00e4senz deiner Marke und Produkte sicherstellen kannst.<\/p>\n\n\t\t<\/div>\n\t<\/div>\n        <\/div>\r\n      <\/div>\r\n    <\/div>\r\n          <\/div>\r\n    <\/div>\r\n    <\/div><\/div><\/div><\/div><div class=\"vc_row-full-width vc_clearfix\"><\/div><div data-vc-full-width=\"true\" data-vc-full-width-init=\"false\" class=\"vc_row wpb_row vc_row-fluid vc_custom_1728844248144 vc_row-5cc2b13f34c24 vc_row-has-fill\"><div class=\"wpb_column vc_column_container vc_col-sm-12 vc_row-5d814371afef1\"><div class=\"vc_column-inner vc_custom_1568752540327\"><div class=\"wpb_wrapper\">      <div class=\"heading-block heading-5cc2b0fed3e3e tal h-h2 vc_custom_1728844210691\">\n                  <h2 class=\"h\"><span>Starte dein<\/span> n\u00e4chstes Projekt jetzt <span>und lass uns gemeinsam<\/span> atemberaubende <span>Dinge kreieren.<\/span><\/h2>\n              <\/div>\n    <section class=\"vc_cta3-container\"><div class=\"vc_general vc_do_cta3 vc_cta3 vc_cta3-style-custom vc_cta3-shape-round vc_cta3-align-left vc_cta3-icon-size-md vc_cta3-actions-bottom  wpb_animate_when_almost_visible wpb_fadeInLeft fadeInLeft vc_custom_1728844111096\"><div class=\"vc_cta3_content-container\"><div class=\"vc_cta3-content\"><header class=\"vc_cta3-content-header\"><h2 style=\"color:#000000;\">ATEMBERAUBENDER INHALT<\/h2><\/header><p><span style=\"color: #000000;\"><strong>Bereit, deine Marke mit fesselndem Inhalt auf das n\u00e4chste Level zu bringen?<\/strong> <\/span><\/p>\n<p><span style=\"color: #000000;\">Kontaktiere uns noch heute, um herauszufinden, wie unsere ma\u00dfgeschneiderten Content-Erstellungsdienste deine Vision zum Leben erwecken und dir helfen k\u00f6nnen, mit deinem Publikum in Kontakt zu treten. <strong>Lass uns gemeinsam etwas Au\u00dfergew\u00f6hnliches schaffen!<\/strong><br \/>\n<\/span><\/p>\n<\/div><div class=\"vc_cta3-actions\"><div class=\"vc_btn3-container vc_btn3-left vc_do_btn\" ><a style=\"background-color:#020202; color:#ffffff;\" class=\"vc_general vc_btn3 vc_btn3-size-lg vc_btn3-shape-round vc_btn3-style-custom vc_btn3-icon-left\" href=\"https:\/\/wildshot.at\/de\/contact\/\" title=\"KONTAKT\"><i class=\"vc_btn3-icon fas fa-angle-double-right\"><\/i> LASS UNS REDEN<\/a><\/div><\/div><\/div><\/div><\/section><\/div><\/div><\/div><\/div><div class=\"vc_row-full-width vc_clearfix\"><\/div>\n<\/div>","protected":false},"excerpt":{"rendered":"HOW WE WORK Play We are adventurers, visionaries, creatives and storytellers POWERFUL COMMITMENT INNOVATION SOCIAL MEDIA POWERFUL Creating powerful content is our mission. We are a creative advertising agency based in Vienna committed to creating unique content to increase brand awareness and promote products worldwide. At Wildshot, we offer comprehensive content creation services for companies [...]","protected":false},"author":2,"featured_media":0,"parent":0,"menu_order":0,"comment_status":"closed","ping_status":"closed","template":"template-landing.php","meta":{"_acf_changed":false,"_uf_show_specific_survey":0,"_uf_disable_surveys":false,"footnotes":""},"class_list":["post-577","page","type-page","status-publish","hentry"],"acf":[],"_links":{"self":[{"href":"https:\/\/wildshot.at\/de\/wp-json\/wp\/v2\/pages\/577","targetHints":{"allow":["GET"]}}],"collection":[{"href":"https:\/\/wildshot.at\/de\/wp-json\/wp\/v2\/pages"}],"about":[{"href":"https:\/\/wildshot.at\/de\/wp-json\/wp\/v2\/types\/page"}],"author":[{"embeddable":true,"href":"https:\/\/wildshot.at\/de\/wp-json\/wp\/v2\/users\/2"}],"replies":[{"embeddable":true,"href":"https:\/\/wildshot.at\/de\/wp-json\/wp\/v2\/comments?post=577"}],"version-history":[{"count":138,"href":"https:\/\/wildshot.at\/de\/wp-json\/wp\/v2\/pages\/577\/revisions"}],"predecessor-version":[{"id":5431,"href":"https:\/\/wildshot.at\/de\/wp-json\/wp\/v2\/pages\/577\/revisions\/5431"}],"wp:attachment":[{"href":"https:\/\/wildshot.at\/de\/wp-json\/wp\/v2\/media?parent=577"}],"curies":[{"name":"wp","href":"https:\/\/api.w.org\/{rel}","templated":true}]}}