{"id":4245,"date":"2024-01-23T16:41:21","date_gmt":"2024-01-23T15:41:21","guid":{"rendered":"https:\/\/wildshot.at\/?page_id=4245"},"modified":"2024-10-08T13:16:22","modified_gmt":"2024-10-08T11:16:22","slug":"arnolfo-di-cambio","status":"publish","type":"page","link":"https:\/\/wildshot.at\/de\/arnolfo-di-cambio\/","title":{"rendered":"Arnolfo di Cambio"},"content":{"rendered":"<div class=\"wpb-content-wrapper\"><div data-vc-full-width=\"true\" data-vc-full-width-init=\"false\" class=\"vc_row wpb_row vc_row-fluid vc_custom_1728386119608 vc_row-5cc811f757c63 dark-scheme vc_row-has-fill\">\n    <div class=\"bg-overlay\">\n          <\/div>\n\n    <div class=\"wpb_column vc_column_container vc_col-sm-12 vc_row-69e89c2b997ee\"><div class=\"vc_column-inner\"><div class=\"wpb_wrapper\">      <div class=\"heading-block heading-5cdd2723f9933 tal h-h1 vc_custom_1706024536300\">\n                  <h1 class=\"h\">Arnolfo di Cambio<\/h1>\n              <\/div>\n    \n\t<div class=\"wpb_text_column wpb_content_element\" >\n\t\t<div class=\"wpb_wrapper\">\n\t\t\t<p><span style=\"font-size: 14pt;\"><strong>Animation<br \/>\n<\/strong><\/span><\/p>\n<p>F\u00fcr das 60. Jubil\u00e4umsjahr des weltber\u00fchmten italienischen Glasherstellers Arnolfo di Cambio haben wir eine Logoanimation produziert.<\/p>\n<p><a href=\"https:\/\/arnolfodicambio.com\/\" target=\"_blank\" rel=\"noopener\">www.arnolfodicambio.com<\/a><\/p>\n\n\t\t<\/div>\n\t<\/div>\n<div class=\"vc_btn3-container vc_btn3-right vc_custom_1661170561220 vc_do_btn\" ><a onmouseleave=\"this.style.borderColor=&#039;#a8a8a8&#039;; this.style.backgroundColor=&#039;transparent&#039;; this.style.color=&#039;#a8a8a8&#039;\" onmouseenter=\"this.style.borderColor=&#039;#020202&#039;; this.style.backgroundColor=&#039;#020202&#039;; this.style.color=&#039;#ffffff&#039;;\" style=\"border-color:#a8a8a8; color:#a8a8a8;\" class=\"vc_general vc_btn3 vc_btn3-size-sm vc_btn3-shape-square vc_btn3-style-outline-custom\" href=\"https:\/\/wildshot.at\/de\/#projects\" title=\"HOME\">ZUR\u00dcCK ZU PROJEKTEN<\/a><\/div><div class=\"vc_row wpb_row vc_inner vc_row-fluid\"><div class=\"wpb_column vc_column_container vc_col-sm-6\"><div class=\"vc_column-inner\"><div class=\"wpb_wrapper\">    <div class=\"video-block video-block-6303562445035 fix-height light-color vc_custom_1706024110777  wpb_animate_when_almost_visible wpb_slideInLeft slideInLeft\" style=\"height: 310px;\">\n      \n    <div class=\"bg-overlay\">\n                        <div class=\"image\" style=\"background-image: url(https:\/\/wildshot.at\/wp-content\/uploads\/2024\/01\/Thumbnail-1.jpg)\"><\/div>\n                            <\/div>\n\n          <div class=\"content\">\n                <a class=\"play-button single-popup-item\" href=\"#\" data-type=\"video\" data-size=\"960x640\" data-video='<div class=\"wrapper\"><div class=\"video-wrapper\"><iframe loading=\"lazy\" class=\"pswp__video\" width=\"960\" height=\"640\" src=\"https:\/\/player.vimeo.com\/video\/905626100?byline=0&#038;portrait=0&#038;amp\" frameborder=\"0\" allowfullscreen><\/iframe><\/div><\/div>' data-magic-cursor=\"link-small\">\n          <svg>\n            <use xlink:href=\"#dotted-circle\"><\/use>\n          <\/svg>\n          <span><i class=\"essential-compilation-play-button\"><\/i><\/span>\n                  <\/a>\n      <\/div>\n    <\/div>\n    <\/div><\/div><\/div><\/div><\/div><\/div><\/div><\/div><div class=\"vc_row-full-width vc_clearfix\"><\/div><div data-vc-full-width=\"true\" data-vc-full-width-init=\"false\" class=\"vc_row wpb_row vc_row-fluid vc_custom_1728386180302 vc_row-6705147216dc8 vc_row-has-fill\"><div class=\"wpb_column vc_column_container vc_col-sm-12 vc_row-69e89c2b9a605\"><div class=\"vc_column-inner\"><div class=\"wpb_wrapper\"><div class=\"vc_btn3-container vc_btn3-left vc_custom_1661170895215 vc_do_btn\" ><a onmouseleave=\"this.style.borderColor=&#039;#a8a8a8&#039;; this.style.backgroundColor=&#039;transparent&#039;; this.style.color=&#039;#a8a8a8&#039;\" onmouseenter=\"this.style.borderColor=&#039;#020202&#039;; this.style.backgroundColor=&#039;#020202&#039;; this.style.color=&#039;#ffffff&#039;;\" style=\"border-color:#a8a8a8; color:#a8a8a8;\" class=\"vc_general vc_btn3 vc_btn3-size-sm vc_btn3-shape-square vc_btn3-style-outline-custom\" href=\"https:\/\/wildshot.at\/de\/#projects\" title=\"HOME\">ZUR\u00dcCK ZU PROJEKTEN<\/a><\/div><\/div><\/div><\/div><\/div><div class=\"vc_row-full-width vc_clearfix\"><\/div>\n<\/div>","protected":false},"excerpt":{"rendered":"Arnolfo di Cambio Animation F\u00fcr das 60. Jubil\u00e4umsjahr des weltber\u00fchmten italienischen Glasherstellers Arnolfo di Cambio haben wir eine Logoanimation produziert. www.arnolfodicambio.com BACK TO PROJECTS BACK TO PROJECTS","protected":false},"author":2,"featured_media":0,"parent":0,"menu_order":0,"comment_status":"closed","ping_status":"closed","template":"template-landing.php","meta":{"_acf_changed":false,"_uf_show_specific_survey":0,"_uf_disable_surveys":false,"footnotes":""},"class_list":["post-4245","page","type-page","status-publish","hentry"],"acf":[],"_links":{"self":[{"href":"https:\/\/wildshot.at\/de\/wp-json\/wp\/v2\/pages\/4245","targetHints":{"allow":["GET"]}}],"collection":[{"href":"https:\/\/wildshot.at\/de\/wp-json\/wp\/v2\/pages"}],"about":[{"href":"https:\/\/wildshot.at\/de\/wp-json\/wp\/v2\/types\/page"}],"author":[{"embeddable":true,"href":"https:\/\/wildshot.at\/de\/wp-json\/wp\/v2\/users\/2"}],"replies":[{"embeddable":true,"href":"https:\/\/wildshot.at\/de\/wp-json\/wp\/v2\/comments?post=4245"}],"version-history":[{"count":6,"href":"https:\/\/wildshot.at\/de\/wp-json\/wp\/v2\/pages\/4245\/revisions"}],"predecessor-version":[{"id":4802,"href":"https:\/\/wildshot.at\/de\/wp-json\/wp\/v2\/pages\/4245\/revisions\/4802"}],"wp:attachment":[{"href":"https:\/\/wildshot.at\/de\/wp-json\/wp\/v2\/media?parent=4245"}],"curies":[{"name":"wp","href":"https:\/\/api.w.org\/{rel}","templated":true}]}}