{"id":3450,"date":"2020-10-29T20:13:57","date_gmt":"2020-10-29T19:13:57","guid":{"rendered":"https:\/\/wildshot.at\/?page_id=3450"},"modified":"2024-10-08T16:12:36","modified_gmt":"2024-10-08T14:12:36","slug":"project-vom-hugel-3","status":"publish","type":"page","link":"https:\/\/wildshot.at\/de\/project-vom-hugel-3\/","title":{"rendered":"Project-Vlog Intro"},"content":{"rendered":"<div class=\"wpb-content-wrapper\"><div data-vc-full-width=\"true\" data-vc-full-width-init=\"false\" class=\"vc_row wpb_row vc_row-fluid vc_custom_1728396745226 vc_row-5cc811f757c63 dark-scheme vc_row-has-fill\">\n    <div class=\"bg-overlay\">\n          <\/div>\n\n    <div class=\"wpb_column vc_column_container vc_col-sm-12 vc_row-69e464cc9c8b4\"><div class=\"vc_column-inner\"><div class=\"wpb_wrapper\">      <div class=\"heading-block heading-5cdd2723f9933 tal h-h1 vc_custom_1603998571821\">\n                  <h1 class=\"h\"><span>Vlog Intro<\/span><\/h1>\n              <\/div>\n    \n\t<div class=\"wpb_text_column wpb_content_element\" >\n\t\t<div class=\"wpb_wrapper\">\n\t\t\t<p><span style=\"font-size: 14pt;\"><strong>Vlog-Intro-Video<\/strong><\/span><\/p>\n<p>Vom H\u00fcgel bat uns, ein stilisiertes Vlog-Intro f\u00fcr ihre neue Serie von Video-Lehrinhalten und Einblicken zu erstellen, in der ihre Gr\u00fcnderin Margrit De Colle vorgestellt wird. Unsere Mission war es, Stillleben auf eine dynamische und dramatische Weise darzustellen!<\/p>\n<p><a href=\"https:\/\/www.vomhuegel.at\/\" target=\"_blank\" rel=\"noopener noreferrer\">www.vomhuegel.at<\/a><\/p>\n<p><a href=\"http:\/\/www.youtube.com\/c\/VomHuegelBioBlumen\" target=\"_blank\" rel=\"noopener\">www.youtube.com\/c\/VomHuegelBioBlumen<\/a><\/p>\n\n\t\t<\/div>\n\t<\/div>\n<div class=\"vc_row wpb_row vc_inner vc_row-fluid\"><div class=\"wpb_column vc_column_container vc_col-sm-12\"><div class=\"vc_column-inner\"><div class=\"wpb_wrapper\">    <div class=\"video-block video-block-630365d96dbdd fix-height light-color vc_custom_1661167108418  wpb_animate_when_almost_visible wpb_slideInLeft slideInLeft\" style=\"height: 310px;\">\n      \n    <div class=\"bg-overlay\">\n                        <div class=\"image\" style=\"background-image: url(https:\/\/wildshot.at\/wp-content\/uploads\/2020\/10\/Intro.00_00_31_22.Still014.jpg)\"><\/div>\n                            <\/div>\n\n          <div class=\"content\">\n                <a class=\"play-button single-popup-item\" href=\"#\" data-type=\"video\" data-size=\"960x640\" data-video='<div class=\"wrapper\"><div class=\"video-wrapper\"><iframe loading=\"lazy\" class=\"pswp__video\" width=\"960\" height=\"640\" src=\"https:\/\/player.vimeo.com\/video\/473550493?byline=0&#038;portrait=0&#038;amp\" frameborder=\"0\" allowfullscreen><\/iframe><\/div><\/div>' data-magic-cursor=\"link-small\">\n          <svg>\n            <use xlink:href=\"#dotted-circle\"><\/use>\n          <\/svg>\n          <span><i class=\"essential-compilation-play-button\"><\/i><\/span>\n                  <\/a>\n      <\/div>\n    <\/div>\n    <div class=\"vc_btn3-container vc_btn3-right vc_custom_1661171312187 vc_do_btn\" ><a onmouseleave=\"this.style.borderColor=&#039;#a8a8a8&#039;; this.style.backgroundColor=&#039;transparent&#039;; this.style.color=&#039;#a8a8a8&#039;\" onmouseenter=\"this.style.borderColor=&#039;#020202&#039;; this.style.backgroundColor=&#039;#020202&#039;; this.style.color=&#039;#ffffff&#039;;\" style=\"border-color:#a8a8a8; color:#a8a8a8;\" class=\"vc_general vc_btn3 vc_btn3-size-sm vc_btn3-shape-square vc_btn3-style-outline-custom\" href=\"https:\/\/wildshot.at\/de\/#projects\" title=\"HOME\">ZUR\u00dcCK ZU PROJEKTEN<\/a><\/div><\/div><\/div><\/div><\/div>      <div class=\"heading-block heading-5d8a3410e92e2 tal h-h2 vc_custom_1660130741276\">\n                  <h2 class=\"h\"><span>STILLS<\/span><\/h2>\n              <\/div>\n    \t\t\t\t\t\t\t<div class=\"portfolio-block filter-block portfolio-5d8a0f6907bfc popup-gallery portfolio-grid style-style4\" data-type=\"grid\">\n\t\t\t\t\t\n\t\t\t\t\t<div class=\"row\">\n\t\t\t\t\t\t\t\t\t\t\t\t\t<div class=\"grid-sizer col-1\"><\/div>\n\t\t\t\t\t\t\t\t<article class=\"item  category-intro-vlog-vom-hugel popup-item  col-6 col-sm-6 col-md-6 col-lg-6 col-xl-4\">\n\t\t\t<div class=\"portfolio-item-grid3 wpb_animate_when_almost_visible wpb_fadeInLeft fadeInLeft post-3442 fw-portfolio type-fw-portfolio status-publish has-post-thumbnail hentry fw-portfolio-category-intro-vlog-vom-hugel\">\n\t\t\t\t<div class=\"img-block\">\n\t\t\t\t\t\t\t\t\t\t\t<div class=\"img\" style=\"background-image: url(https:\/\/wildshot.at\/wp-content\/uploads\/2020\/10\/Intro.00_00_05_01.Still003-1024x576.jpg)\"><\/div>\n\t\t\t\t\t\t\t\t\t<\/div>\n\t\t\t\t<div class=\"content\">\n\t\t\t\t\t<div class=\"sub-h title-with-dots\">\n\t\t\t\t\t\tchapter 01\t\t\t\t\t<\/div>\n\t\t\t\t\t<h4 class=\"h\"><\/h4>\n\t\t\t\t<\/div>\n\t\t\t\t<a href=\"https:\/\/wildshot.at\/wp-content\/uploads\/2020\/10\/Intro.00_00_05_01.Still003.jpg\" data-size=\"1920x1080\" data-magic-cursor=\"link-w-text\" data-magic-cursor-text=\"View\" data-id=\"1\"><\/a>\t\t\t<\/div>\n\t\t<\/article>\n\t\t\t\t<article class=\"item  category-intro-vlog-vom-hugel popup-item  col-6 col-sm-6 col-md-6 col-lg-6 col-xl-4\">\n\t\t\t<div class=\"portfolio-item-grid3 wpb_animate_when_almost_visible wpb_fadeInLeft fadeInLeft post-3470 fw-portfolio type-fw-portfolio status-publish has-post-thumbnail hentry fw-portfolio-category-intro-vlog-vom-hugel\">\n\t\t\t\t<div class=\"img-block\">\n\t\t\t\t\t\t\t\t\t\t\t<div class=\"img\" style=\"background-image: url(https:\/\/wildshot.at\/wp-content\/uploads\/2020\/10\/Intro.00_00_48_04.Still017-1024x576.jpg)\"><\/div>\n\t\t\t\t\t\t\t\t\t<\/div>\n\t\t\t\t<div class=\"content\">\n\t\t\t\t\t<div class=\"sub-h title-with-dots\">\n\t\t\t\t\t\tchapter 02\t\t\t\t\t<\/div>\n\t\t\t\t\t<h4 class=\"h\"><\/h4>\n\t\t\t\t<\/div>\n\t\t\t\t<a href=\"https:\/\/wildshot.at\/wp-content\/uploads\/2020\/10\/Intro.00_00_48_04.Still017.jpg\" data-size=\"1920x1080\" data-magic-cursor=\"link-w-text\" data-magic-cursor-text=\"View\" data-id=\"2\"><\/a>\t\t\t<\/div>\n\t\t<\/article>\n\t\t\t\t<article class=\"item  category-intro-vlog-vom-hugel popup-item  col-6 col-sm-6 col-md-6 col-lg-6 col-xl-4\">\n\t\t\t<div class=\"portfolio-item-grid3 wpb_animate_when_almost_visible wpb_fadeInLeft fadeInLeft post-3436 fw-portfolio type-fw-portfolio status-publish has-post-thumbnail hentry fw-portfolio-category-intro-vlog-vom-hugel\">\n\t\t\t\t<div class=\"img-block\">\n\t\t\t\t\t\t\t\t\t\t\t<div class=\"img\" style=\"background-image: url(https:\/\/wildshot.at\/wp-content\/uploads\/2020\/10\/Intro.00_00_11_09.Still006-1024x576.jpg)\"><\/div>\n\t\t\t\t\t\t\t\t\t<\/div>\n\t\t\t\t<div class=\"content\">\n\t\t\t\t\t<div class=\"sub-h title-with-dots\">\n\t\t\t\t\t\tchapter 03\t\t\t\t\t<\/div>\n\t\t\t\t\t<h4 class=\"h\"><\/h4>\n\t\t\t\t<\/div>\n\t\t\t\t<a href=\"https:\/\/wildshot.at\/wp-content\/uploads\/2020\/10\/Intro.00_00_11_09.Still006.jpg\" data-size=\"1920x1080\" data-magic-cursor=\"link-w-text\" data-magic-cursor-text=\"View\" data-id=\"3\"><\/a>\t\t\t<\/div>\n\t\t<\/article>\n\t\t\t\t<article class=\"item  category-intro-vlog-vom-hugel popup-item  col-6 col-sm-6 col-md-6 col-lg-6 col-xl-4\">\n\t\t\t<div class=\"portfolio-item-grid3 wpb_animate_when_almost_visible wpb_fadeInLeft fadeInLeft post-3424 fw-portfolio type-fw-portfolio status-publish has-post-thumbnail hentry fw-portfolio-category-intro-vlog-vom-hugel\">\n\t\t\t\t<div class=\"img-block\">\n\t\t\t\t\t\t\t\t\t\t\t<div class=\"img\" style=\"background-image: url(https:\/\/wildshot.at\/wp-content\/uploads\/2020\/10\/Intro.00_00_08_14.Still005-1024x576.jpg)\"><\/div>\n\t\t\t\t\t\t\t\t\t<\/div>\n\t\t\t\t<div class=\"content\">\n\t\t\t\t\t<div class=\"sub-h title-with-dots\">\n\t\t\t\t\t\tchapter 04\t\t\t\t\t<\/div>\n\t\t\t\t\t<h4 class=\"h\"><\/h4>\n\t\t\t\t<\/div>\n\t\t\t\t<a href=\"https:\/\/wildshot.at\/wp-content\/uploads\/2020\/10\/Intro.00_00_08_14.Still005.jpg\" data-size=\"1920x1080\" data-magic-cursor=\"link-w-text\" data-magic-cursor-text=\"View\" data-id=\"4\"><\/a>\t\t\t<\/div>\n\t\t<\/article>\n\t\t\t\t<article class=\"item  category-intro-vlog-vom-hugel popup-item  col-6 col-sm-6 col-md-6 col-lg-6 col-xl-4\">\n\t\t\t<div class=\"portfolio-item-grid3 wpb_animate_when_almost_visible wpb_fadeInLeft fadeInLeft post-3430 fw-portfolio type-fw-portfolio status-publish has-post-thumbnail hentry fw-portfolio-category-intro-vlog-vom-hugel\">\n\t\t\t\t<div class=\"img-block\">\n\t\t\t\t\t\t\t\t\t\t\t<div class=\"img\" style=\"background-image: url(https:\/\/wildshot.at\/wp-content\/uploads\/2020\/10\/Intro.00_00_21_18.Still010-1024x576.jpg)\"><\/div>\n\t\t\t\t\t\t\t\t\t<\/div>\n\t\t\t\t<div class=\"content\">\n\t\t\t\t\t<div class=\"sub-h title-with-dots\">\n\t\t\t\t\t\tchapter 05\t\t\t\t\t<\/div>\n\t\t\t\t\t<h4 class=\"h\"><\/h4>\n\t\t\t\t<\/div>\n\t\t\t\t<a href=\"https:\/\/wildshot.at\/wp-content\/uploads\/2020\/10\/Intro.00_00_21_18.Still010.jpg\" data-size=\"1920x1080\" data-magic-cursor=\"link-w-text\" data-magic-cursor-text=\"View\" data-id=\"5\"><\/a>\t\t\t<\/div>\n\t\t<\/article>\n\t\t\t\t<article class=\"item  category-intro-vlog-vom-hugel popup-item  col-6 col-sm-6 col-md-6 col-lg-6 col-xl-4\">\n\t\t\t<div class=\"portfolio-item-grid3 wpb_animate_when_almost_visible wpb_fadeInLeft fadeInLeft post-3464 fw-portfolio type-fw-portfolio status-publish has-post-thumbnail hentry fw-portfolio-category-intro-vlog-vom-hugel\">\n\t\t\t\t<div class=\"img-block\">\n\t\t\t\t\t\t\t\t\t\t\t<div class=\"img\" style=\"background-image: url(https:\/\/wildshot.at\/wp-content\/uploads\/2020\/10\/Intro.00_00_07_05.Still004-1024x576.jpg)\"><\/div>\n\t\t\t\t\t\t\t\t\t<\/div>\n\t\t\t\t<div class=\"content\">\n\t\t\t\t\t<div class=\"sub-h title-with-dots\">\n\t\t\t\t\t\tchapter 06\t\t\t\t\t<\/div>\n\t\t\t\t\t<h4 class=\"h\"><\/h4>\n\t\t\t\t<\/div>\n\t\t\t\t<a href=\"https:\/\/wildshot.at\/wp-content\/uploads\/2020\/10\/Intro.00_00_07_05.Still004.jpg\" data-size=\"1920x1080\" data-magic-cursor=\"link-w-text\" data-magic-cursor-text=\"View\" data-id=\"6\"><\/a>\t\t\t<\/div>\n\t\t<\/article>\n\t\t\t\t<article class=\"item  category-intro-vlog-vom-hugel popup-item  col-6 col-sm-6 col-md-6 col-lg-6 col-xl-4\">\n\t\t\t<div class=\"portfolio-item-grid3 wpb_animate_when_almost_visible wpb_fadeInLeft fadeInLeft post-3458 fw-portfolio type-fw-portfolio status-publish has-post-thumbnail hentry fw-portfolio-category-intro-vlog-vom-hugel\">\n\t\t\t\t<div class=\"img-block\">\n\t\t\t\t\t\t\t\t\t\t\t<div class=\"img\" style=\"background-image: url(https:\/\/wildshot.at\/wp-content\/uploads\/2020\/10\/Intro.00_00_13_00.Still007-1024x576.jpg)\"><\/div>\n\t\t\t\t\t\t\t\t\t<\/div>\n\t\t\t\t<div class=\"content\">\n\t\t\t\t\t<div class=\"sub-h title-with-dots\">\n\t\t\t\t\t\tchapter 07\t\t\t\t\t<\/div>\n\t\t\t\t\t<h4 class=\"h\"><\/h4>\n\t\t\t\t<\/div>\n\t\t\t\t<a href=\"https:\/\/wildshot.at\/wp-content\/uploads\/2020\/10\/Intro.00_00_13_00.Still007.jpg\" data-size=\"1920x1080\" data-magic-cursor=\"link-w-text\" data-magic-cursor-text=\"View\" data-id=\"7\"><\/a>\t\t\t<\/div>\n\t\t<\/article>\n\t\t\t\t<article class=\"item  category-intro-vlog-vom-hugel popup-item  col-6 col-sm-6 col-md-6 col-lg-6 col-xl-4\">\n\t\t\t<div class=\"portfolio-item-grid3 wpb_animate_when_almost_visible wpb_fadeInLeft fadeInLeft post-3452 fw-portfolio type-fw-portfolio status-publish has-post-thumbnail hentry fw-portfolio-category-intro-vlog-vom-hugel\">\n\t\t\t\t<div class=\"img-block\">\n\t\t\t\t\t\t\t\t\t\t\t<div class=\"img\" style=\"background-image: url(https:\/\/wildshot.at\/wp-content\/uploads\/2020\/10\/Intro.00_00_25_08.Still013-1024x576.jpg)\"><\/div>\n\t\t\t\t\t\t\t\t\t<\/div>\n\t\t\t\t<div class=\"content\">\n\t\t\t\t\t<div class=\"sub-h title-with-dots\">\n\t\t\t\t\t\tchapter 08\t\t\t\t\t<\/div>\n\t\t\t\t\t<h4 class=\"h\"><\/h4>\n\t\t\t\t<\/div>\n\t\t\t\t<a href=\"https:\/\/wildshot.at\/wp-content\/uploads\/2020\/10\/Intro.00_00_25_08.Still013.jpg\" data-size=\"1920x1080\" data-magic-cursor=\"link-w-text\" data-magic-cursor-text=\"View\" data-id=\"8\"><\/a>\t\t\t<\/div>\n\t\t<\/article>\n\t\t\t\t<article class=\"item  category-intro-vlog-vom-hugel popup-item  col-6 col-sm-6 col-md-6 col-lg-6 col-xl-4\">\n\t\t\t<div class=\"portfolio-item-grid3 wpb_animate_when_almost_visible wpb_fadeInLeft fadeInLeft post-3412 fw-portfolio type-fw-portfolio status-publish has-post-thumbnail hentry fw-portfolio-category-intro-vlog-vom-hugel\">\n\t\t\t\t<div class=\"img-block\">\n\t\t\t\t\t\t\t\t\t\t\t<div class=\"img\" style=\"background-image: url(https:\/\/wildshot.at\/wp-content\/uploads\/2020\/10\/Intro.00_00_16_01.Still009-1024x576.jpg)\"><\/div>\n\t\t\t\t\t\t\t\t\t<\/div>\n\t\t\t\t<div class=\"content\">\n\t\t\t\t\t<div class=\"sub-h title-with-dots\">\n\t\t\t\t\t\tchapter 09\t\t\t\t\t<\/div>\n\t\t\t\t\t<h4 class=\"h\"><\/h4>\n\t\t\t\t<\/div>\n\t\t\t\t<a href=\"https:\/\/wildshot.at\/wp-content\/uploads\/2020\/10\/Intro.00_00_16_01.Still009.jpg\" data-size=\"1920x1080\" data-magic-cursor=\"link-w-text\" data-magic-cursor-text=\"View\" data-id=\"9\"><\/a>\t\t\t<\/div>\n\t\t<\/article>\n\t\t\t\t\t\t\t<\/div>\n\t\t\t\t\t\t\t\t\t<\/div>\n\t\t\t\t\t\t<\/div><\/div><\/div><\/div><div class=\"vc_row-full-width vc_clearfix\"><\/div><div data-vc-full-width=\"true\" data-vc-full-width-init=\"false\" class=\"vc_row wpb_row vc_row-fluid vc_custom_1728396754200 vc_row-67053d291f5a2 vc_row-has-fill\"><div class=\"wpb_column vc_column_container vc_col-sm-12 vc_row-69e464cca3907\"><div class=\"vc_column-inner\"><div class=\"wpb_wrapper\"><div class=\"vc_btn3-container vc_btn3-left vc_custom_1661171320029 vc_do_btn\" ><a onmouseleave=\"this.style.borderColor=&#039;#a8a8a8&#039;; this.style.backgroundColor=&#039;transparent&#039;; this.style.color=&#039;#a8a8a8&#039;\" onmouseenter=\"this.style.borderColor=&#039;#020202&#039;; this.style.backgroundColor=&#039;#020202&#039;; this.style.color=&#039;#ffffff&#039;;\" style=\"border-color:#a8a8a8; color:#a8a8a8;\" class=\"vc_general vc_btn3 vc_btn3-size-sm vc_btn3-shape-square vc_btn3-style-outline-custom\" href=\"https:\/\/wildshot.at\/de\/#projects\" title=\"HOME\">ZUR\u00dcCK ZU PROJEKTEN<\/a><\/div><\/div><\/div><\/div><\/div><div class=\"vc_row-full-width vc_clearfix\"><\/div>\n<\/div>","protected":false},"excerpt":{"rendered":"","protected":false},"author":2,"featured_media":0,"parent":0,"menu_order":0,"comment_status":"closed","ping_status":"closed","template":"template-landing.php","meta":{"_acf_changed":false,"_uf_show_specific_survey":0,"_uf_disable_surveys":false,"footnotes":""},"class_list":["post-3450","page","type-page","status-publish","hentry"],"acf":[],"_links":{"self":[{"href":"https:\/\/wildshot.at\/de\/wp-json\/wp\/v2\/pages\/3450","targetHints":{"allow":["GET"]}}],"collection":[{"href":"https:\/\/wildshot.at\/de\/wp-json\/wp\/v2\/pages"}],"about":[{"href":"https:\/\/wildshot.at\/de\/wp-json\/wp\/v2\/types\/page"}],"author":[{"embeddable":true,"href":"https:\/\/wildshot.at\/de\/wp-json\/wp\/v2\/users\/2"}],"replies":[{"embeddable":true,"href":"https:\/\/wildshot.at\/de\/wp-json\/wp\/v2\/comments?post=3450"}],"version-history":[{"count":21,"href":"https:\/\/wildshot.at\/de\/wp-json\/wp\/v2\/pages\/3450\/revisions"}],"predecessor-version":[{"id":4831,"href":"https:\/\/wildshot.at\/de\/wp-json\/wp\/v2\/pages\/3450\/revisions\/4831"}],"wp:attachment":[{"href":"https:\/\/wildshot.at\/de\/wp-json\/wp\/v2\/media?parent=3450"}],"curies":[{"name":"wp","href":"https:\/\/api.w.org\/{rel}","templated":true}]}}