{"id":3024,"date":"2020-08-14T15:58:24","date_gmt":"2020-08-14T13:58:24","guid":{"rendered":"https:\/\/wildshot.at\/?page_id=3024"},"modified":"2024-10-08T14:26:44","modified_gmt":"2024-10-08T12:26:44","slug":"all-i-need","status":"publish","type":"page","link":"https:\/\/wildshot.at\/de\/all-i-need\/","title":{"rendered":"Project-All I need"},"content":{"rendered":"<div class=\"wpb-content-wrapper\"><div data-vc-full-width=\"true\" data-vc-full-width-init=\"false\" class=\"vc_row wpb_row vc_row-fluid vc_custom_1728389533098 vc_row-5cc811f757c63 dark-scheme vc_row-has-fill\">\n    <div class=\"bg-overlay\">\n          <\/div>\n\n    <div class=\"wpb_column vc_column_container vc_col-sm-12 vc_row-69deee53cc9a5\"><div class=\"vc_column-inner\"><div class=\"wpb_wrapper\">      <div class=\"heading-block heading-5cdd2723f9933 tal h-h1 vc_custom_1597412278190\">\n                  <h1 class=\"h\"><span>ALL I NEED<\/span><\/h1>\n              <\/div>\n    \n\t<div class=\"wpb_text_column wpb_content_element\" >\n\t\t<div class=\"wpb_wrapper\">\n\t\t\t<p><span style=\"font-size: 14pt;\"><strong>Werbespot<\/strong><\/span><\/p>\n<p>Die Geschichte folgt dem Weg eines Wassertropfens, der die Natur selbst symbolisiert und die \u201eletzte Zutat\u201c dieses belebenden Teegetr\u00e4nks darstellt. Indem der Tropfen auf die Dose f\u00e4llt und \u201eklopft\u201c, ist das Getr\u00e4nk bereit f\u00fcr die Welt und \u00f6ffnet sich von selbst, wobei es seine gesammelte Energie in die Umgebung freisetzt. Diese Explosion von Energie, Geschmack und Frische l\u00e4sst den Wald verr\u00fcckt spielen, und ein Grash\u00fcpfer springt vor Aufregung umher. Ein paar schnelle Beauty-Shots enth\u00fcllen, dass es sich um gr\u00fcnen Tee handelt. Zum Abschluss teilt eine weibliche Stimme ihre einfache, aber tiefgr\u00fcndige Wahrheit: \u201eNature, is all I need.\u201c<\/p>\n<p>Eine intensive, nat\u00fcrliche Umgebung, beleuchtet mit einem leicht mystischen Licht, schafft die richtige Stimmung f\u00fcr die Einf\u00fchrung eines Produkts, das zu 100% nat\u00fcrlich und bio ist. Das Tempo ist schnell und intensiv, um Energie zu vermitteln, w\u00e4hrend der Schnitt so gestaltet wurde, dass er sowohl f\u00fcr TV- als auch f\u00fcr Social-Media-Werbung geeignet ist.<\/p>\n<p><a href=\"http:\/\/www.allineed.com\" target=\"_blank\" rel=\"noopener\">www.allineed.com<\/a><\/p>\n\n\t\t<\/div>\n\t<\/div>\n<div class=\"vc_row wpb_row vc_inner vc_row-fluid\"><div class=\"wpb_column vc_column_container vc_col-sm-12\"><div class=\"vc_column-inner\"><div class=\"wpb_wrapper\">    <div class=\"video-block video-block-63035ce0eca87 fix-height light-color vc_custom_1661164803514  wpb_animate_when_almost_visible wpb_slideInLeft slideInLeft\" style=\"height: 310px;\">\n      \n    <div class=\"bg-overlay\">\n                        <div class=\"image\" style=\"background-image: url(https:\/\/wildshot.at\/wp-content\/uploads\/2020\/08\/Main-1.jpg)\"><\/div>\n                            <\/div>\n\n          <div class=\"content\">\n                <a class=\"play-button single-popup-item\" href=\"#\" data-type=\"video\" data-size=\"960x640\" data-video='<div class=\"wrapper\"><div class=\"video-wrapper\"><iframe loading=\"lazy\" class=\"pswp__video\" width=\"960\" height=\"640\" src=\"https:\/\/player.vimeo.com\/video\/447798310?byline=0&#038;portrait=0&#038;amp\" frameborder=\"0\" allowfullscreen><\/iframe><\/div><\/div>' data-magic-cursor=\"link-small\">\n          <svg>\n            <use xlink:href=\"#dotted-circle\"><\/use>\n          <\/svg>\n          <span><i class=\"essential-compilation-play-button\"><\/i><\/span>\n                  <\/a>\n      <\/div>\n    <\/div>\n    <div class=\"vc_btn3-container vc_btn3-right vc_custom_1661170935687 vc_do_btn\" ><a onmouseleave=\"this.style.borderColor=&#039;#a8a8a8&#039;; this.style.backgroundColor=&#039;transparent&#039;; this.style.color=&#039;#a8a8a8&#039;\" onmouseenter=\"this.style.borderColor=&#039;#020202&#039;; this.style.backgroundColor=&#039;#020202&#039;; this.style.color=&#039;#ffffff&#039;;\" style=\"border-color:#a8a8a8; color:#a8a8a8;\" class=\"vc_general vc_btn3 vc_btn3-size-sm vc_btn3-shape-square vc_btn3-style-outline-custom\" href=\"https:\/\/wildshot.at\/de\/#projects\" title=\"HOME\">ZUR\u00dcCK ZU PROJEKTEN<\/a><\/div><\/div><\/div><\/div><\/div>      <div class=\"heading-block heading-5d8a3410e92e2 tal h-h2 vc_custom_1723564766109\">\n                  <h2 class=\"h\"><span>FOTOS<\/span><\/h2>\n              <\/div>\n    \t\t\t\t\t\t\t<div class=\"portfolio-block filter-block portfolio-5d8a0f6907bfc popup-gallery portfolio-masonry style-style3\" data-type=\"masonry\">\n\t\t\t\t\t\n\t\t\t\t\t<div class=\"row isotope\">\n\t\t\t\t\t\t\t\t\t\t\t\t\t<div class=\"grid-sizer col-1\"><\/div>\n\t\t\t\t\t\t\t\t<article class=\"category-all-i-need popup-item  col-6 col-sm-6 col-md-6 col-lg-6 col-xl-4\">\n\t\t\t<div class=\"portfolio-item-grid2 wpb_animate_when_almost_visible wpb_fadeInLeft fadeInLeft post-3036 fw-portfolio type-fw-portfolio status-publish has-post-thumbnail hentry fw-portfolio-category-all-i-need\">\n\t\t\t\t<div class=\"img-block\">\n\t\t\t\t\t<img loading=\"lazy\" decoding=\"async\" width=\"1024\" height=\"576\" src=\"https:\/\/wildshot.at\/wp-content\/uploads\/2020\/08\/MAIN.00_01_12_07.Still013-1024x576.png\" class=\"attachment-large size-large\" alt=\"\" srcset=\"https:\/\/wildshot.at\/wp-content\/uploads\/2020\/08\/MAIN.00_01_12_07.Still013-1024x576.png 1024w, https:\/\/wildshot.at\/wp-content\/uploads\/2020\/08\/MAIN.00_01_12_07.Still013-300x169.png 300w, https:\/\/wildshot.at\/wp-content\/uploads\/2020\/08\/MAIN.00_01_12_07.Still013-768x432.png 768w, https:\/\/wildshot.at\/wp-content\/uploads\/2020\/08\/MAIN.00_01_12_07.Still013-1536x864.png 1536w, https:\/\/wildshot.at\/wp-content\/uploads\/2020\/08\/MAIN.00_01_12_07.Still013.png 1920w\" sizes=\"auto, (max-width: 1024px) 100vw, 1024px\" \/>\t\t\t\t<\/div>\n\t\t\t\t<div class=\"content\">\n\t\t\t\t\t<h5 class=\"h\"><\/h5>\n\t\t\t\t\t\t\t\t\t\t\t<div class=\"cat\">All i need<\/div>\n\t\t\t\t\t\t\t\t\t<\/div>\n\t\t\t\t<a href=\"https:\/\/wildshot.at\/wp-content\/uploads\/2020\/08\/MAIN.00_01_12_07.Still013.png\" data-size=\"1920x1080\" data-magic-cursor=\"link-w-text\" data-magic-cursor-text=\"View\" data-id=\"1\"><\/a>\t\t\t<\/div>\n\t\t<\/article>\n\t\t\t\t<article class=\"category-all-i-need popup-item  col-6 col-sm-6 col-md-6 col-lg-6 col-xl-4\">\n\t\t\t<div class=\"portfolio-item-grid2 wpb_animate_when_almost_visible wpb_fadeInLeft fadeInLeft post-3064 fw-portfolio type-fw-portfolio status-publish has-post-thumbnail hentry fw-portfolio-category-all-i-need\">\n\t\t\t\t<div class=\"img-block\">\n\t\t\t\t\t<img loading=\"lazy\" decoding=\"async\" width=\"1024\" height=\"576\" src=\"https:\/\/wildshot.at\/wp-content\/uploads\/2020\/08\/MAIN.00_01_03_21.Still004-1024x576.png\" class=\"attachment-large size-large\" alt=\"\" srcset=\"https:\/\/wildshot.at\/wp-content\/uploads\/2020\/08\/MAIN.00_01_03_21.Still004-1024x576.png 1024w, https:\/\/wildshot.at\/wp-content\/uploads\/2020\/08\/MAIN.00_01_03_21.Still004-300x169.png 300w, https:\/\/wildshot.at\/wp-content\/uploads\/2020\/08\/MAIN.00_01_03_21.Still004-768x432.png 768w, https:\/\/wildshot.at\/wp-content\/uploads\/2020\/08\/MAIN.00_01_03_21.Still004-1536x864.png 1536w, https:\/\/wildshot.at\/wp-content\/uploads\/2020\/08\/MAIN.00_01_03_21.Still004.png 1920w\" sizes=\"auto, (max-width: 1024px) 100vw, 1024px\" \/>\t\t\t\t<\/div>\n\t\t\t\t<div class=\"content\">\n\t\t\t\t\t<h5 class=\"h\"><\/h5>\n\t\t\t\t\t\t\t\t\t\t\t<div class=\"cat\">All i need<\/div>\n\t\t\t\t\t\t\t\t\t<\/div>\n\t\t\t\t<a href=\"https:\/\/wildshot.at\/wp-content\/uploads\/2020\/08\/MAIN.00_01_03_21.Still004.png\" data-size=\"1920x1080\" data-magic-cursor=\"link-w-text\" data-magic-cursor-text=\"View\" data-id=\"2\"><\/a>\t\t\t<\/div>\n\t\t<\/article>\n\t\t\t\t<article class=\"category-all-i-need popup-item  col-6 col-sm-6 col-md-6 col-lg-6 col-xl-4\">\n\t\t\t<div class=\"portfolio-item-grid2 wpb_animate_when_almost_visible wpb_fadeInLeft fadeInLeft post-3077 fw-portfolio type-fw-portfolio status-publish has-post-thumbnail hentry fw-portfolio-category-all-i-need\">\n\t\t\t\t<div class=\"img-block\">\n\t\t\t\t\t<img loading=\"lazy\" decoding=\"async\" width=\"1024\" height=\"576\" src=\"https:\/\/wildshot.at\/wp-content\/uploads\/2020\/08\/MAIN.00_01_12_00.Still012-1024x576.png\" class=\"attachment-large size-large\" alt=\"\" srcset=\"https:\/\/wildshot.at\/wp-content\/uploads\/2020\/08\/MAIN.00_01_12_00.Still012-1024x576.png 1024w, https:\/\/wildshot.at\/wp-content\/uploads\/2020\/08\/MAIN.00_01_12_00.Still012-300x169.png 300w, https:\/\/wildshot.at\/wp-content\/uploads\/2020\/08\/MAIN.00_01_12_00.Still012-768x432.png 768w, https:\/\/wildshot.at\/wp-content\/uploads\/2020\/08\/MAIN.00_01_12_00.Still012-1536x864.png 1536w, https:\/\/wildshot.at\/wp-content\/uploads\/2020\/08\/MAIN.00_01_12_00.Still012.png 1920w\" sizes=\"auto, (max-width: 1024px) 100vw, 1024px\" \/>\t\t\t\t<\/div>\n\t\t\t\t<div class=\"content\">\n\t\t\t\t\t<h5 class=\"h\"><\/h5>\n\t\t\t\t\t\t\t\t\t\t\t<div class=\"cat\">All i need<\/div>\n\t\t\t\t\t\t\t\t\t<\/div>\n\t\t\t\t<a href=\"https:\/\/wildshot.at\/wp-content\/uploads\/2020\/08\/MAIN.00_01_12_00.Still012.png\" data-size=\"1920x1080\" data-magic-cursor=\"link-w-text\" data-magic-cursor-text=\"View\" data-id=\"3\"><\/a>\t\t\t<\/div>\n\t\t<\/article>\n\t\t\t\t<article class=\"category-all-i-need popup-item  col-6 col-sm-6 col-md-6 col-lg-6 col-xl-4\">\n\t\t\t<div class=\"portfolio-item-grid2 wpb_animate_when_almost_visible wpb_fadeInLeft fadeInLeft post-3070 fw-portfolio type-fw-portfolio status-publish has-post-thumbnail hentry fw-portfolio-category-all-i-need\">\n\t\t\t\t<div class=\"img-block\">\n\t\t\t\t\t<img loading=\"lazy\" decoding=\"async\" width=\"1024\" height=\"576\" src=\"https:\/\/wildshot.at\/wp-content\/uploads\/2020\/08\/MAIN.00_01_02_06.Still001-1024x576.png\" class=\"attachment-large size-large\" alt=\"\" srcset=\"https:\/\/wildshot.at\/wp-content\/uploads\/2020\/08\/MAIN.00_01_02_06.Still001-1024x576.png 1024w, https:\/\/wildshot.at\/wp-content\/uploads\/2020\/08\/MAIN.00_01_02_06.Still001-300x169.png 300w, https:\/\/wildshot.at\/wp-content\/uploads\/2020\/08\/MAIN.00_01_02_06.Still001-768x432.png 768w, https:\/\/wildshot.at\/wp-content\/uploads\/2020\/08\/MAIN.00_01_02_06.Still001-1536x864.png 1536w, https:\/\/wildshot.at\/wp-content\/uploads\/2020\/08\/MAIN.00_01_02_06.Still001.png 1920w\" sizes=\"auto, (max-width: 1024px) 100vw, 1024px\" \/>\t\t\t\t<\/div>\n\t\t\t\t<div class=\"content\">\n\t\t\t\t\t<h5 class=\"h\"><\/h5>\n\t\t\t\t\t\t\t\t\t\t\t<div class=\"cat\">All i need<\/div>\n\t\t\t\t\t\t\t\t\t<\/div>\n\t\t\t\t<a href=\"https:\/\/wildshot.at\/wp-content\/uploads\/2020\/08\/MAIN.00_01_02_06.Still001.png\" data-size=\"1920x1080\" data-magic-cursor=\"link-w-text\" data-magic-cursor-text=\"View\" data-id=\"4\"><\/a>\t\t\t<\/div>\n\t\t<\/article>\n\t\t\t\t<article class=\"category-all-i-need popup-item  col-6 col-sm-6 col-md-6 col-lg-6 col-xl-4\">\n\t\t\t<div class=\"portfolio-item-grid2 wpb_animate_when_almost_visible wpb_fadeInLeft fadeInLeft post-3058 fw-portfolio type-fw-portfolio status-publish has-post-thumbnail hentry fw-portfolio-category-all-i-need\">\n\t\t\t\t<div class=\"img-block\">\n\t\t\t\t\t<img loading=\"lazy\" decoding=\"async\" width=\"1024\" height=\"576\" src=\"https:\/\/wildshot.at\/wp-content\/uploads\/2020\/08\/MAIN.00_01_09_19.Still010-1024x576.png\" class=\"attachment-large size-large\" alt=\"\" srcset=\"https:\/\/wildshot.at\/wp-content\/uploads\/2020\/08\/MAIN.00_01_09_19.Still010-1024x576.png 1024w, https:\/\/wildshot.at\/wp-content\/uploads\/2020\/08\/MAIN.00_01_09_19.Still010-300x169.png 300w, https:\/\/wildshot.at\/wp-content\/uploads\/2020\/08\/MAIN.00_01_09_19.Still010-768x432.png 768w, https:\/\/wildshot.at\/wp-content\/uploads\/2020\/08\/MAIN.00_01_09_19.Still010-1536x864.png 1536w, https:\/\/wildshot.at\/wp-content\/uploads\/2020\/08\/MAIN.00_01_09_19.Still010.png 1920w\" sizes=\"auto, (max-width: 1024px) 100vw, 1024px\" \/>\t\t\t\t<\/div>\n\t\t\t\t<div class=\"content\">\n\t\t\t\t\t<h5 class=\"h\"><\/h5>\n\t\t\t\t\t\t\t\t\t\t\t<div class=\"cat\">All i need<\/div>\n\t\t\t\t\t\t\t\t\t<\/div>\n\t\t\t\t<a href=\"https:\/\/wildshot.at\/wp-content\/uploads\/2020\/08\/MAIN.00_01_09_19.Still010.png\" data-size=\"1920x1080\" data-magic-cursor=\"link-w-text\" data-magic-cursor-text=\"View\" data-id=\"5\"><\/a>\t\t\t<\/div>\n\t\t<\/article>\n\t\t\t\t<article class=\"category-all-i-need popup-item  col-6 col-sm-6 col-md-6 col-lg-6 col-xl-4\">\n\t\t\t<div class=\"portfolio-item-grid2 wpb_animate_when_almost_visible wpb_fadeInLeft fadeInLeft post-3052 fw-portfolio type-fw-portfolio status-publish has-post-thumbnail hentry fw-portfolio-category-all-i-need\">\n\t\t\t\t<div class=\"img-block\">\n\t\t\t\t\t<img loading=\"lazy\" decoding=\"async\" width=\"1024\" height=\"576\" src=\"https:\/\/wildshot.at\/wp-content\/uploads\/2020\/08\/salta-1024x576.jpg\" class=\"attachment-large size-large\" alt=\"\" srcset=\"https:\/\/wildshot.at\/wp-content\/uploads\/2020\/08\/salta-1024x576.jpg 1024w, https:\/\/wildshot.at\/wp-content\/uploads\/2020\/08\/salta-300x169.jpg 300w, https:\/\/wildshot.at\/wp-content\/uploads\/2020\/08\/salta-768x432.jpg 768w, https:\/\/wildshot.at\/wp-content\/uploads\/2020\/08\/salta-1536x864.jpg 1536w, https:\/\/wildshot.at\/wp-content\/uploads\/2020\/08\/salta.jpg 1920w\" sizes=\"auto, (max-width: 1024px) 100vw, 1024px\" \/>\t\t\t\t<\/div>\n\t\t\t\t<div class=\"content\">\n\t\t\t\t\t<h5 class=\"h\"><\/h5>\n\t\t\t\t\t\t\t\t\t\t\t<div class=\"cat\">All i need<\/div>\n\t\t\t\t\t\t\t\t\t<\/div>\n\t\t\t\t<a href=\"https:\/\/wildshot.at\/wp-content\/uploads\/2020\/08\/salta.jpg\" data-size=\"1920x1080\" data-magic-cursor=\"link-w-text\" data-magic-cursor-text=\"View\" data-id=\"6\"><\/a>\t\t\t<\/div>\n\t\t<\/article>\n\t\t\t\t\t\t\t<\/div>\n\t\t\t\t\t\t\t\t\t<\/div>\n\t\t\t\t\t\t<\/div><\/div><\/div><\/div><div class=\"vc_row-full-width vc_clearfix\"><\/div><div data-vc-full-width=\"true\" data-vc-full-width-init=\"false\" class=\"vc_row wpb_row vc_row-fluid vc_custom_1728390401057 vc_row-670520e9d0c16 vc_row-has-fill\"><div class=\"wpb_column vc_column_container vc_col-sm-12 vc_row-69deee53d212c\"><div class=\"vc_column-inner\"><div class=\"wpb_wrapper\"><div class=\"vc_btn3-container vc_btn3-left vc_custom_1661170944566 vc_do_btn\" ><a onmouseleave=\"this.style.borderColor=&#039;#a8a8a8&#039;; this.style.backgroundColor=&#039;transparent&#039;; this.style.color=&#039;#a8a8a8&#039;\" onmouseenter=\"this.style.borderColor=&#039;#020202&#039;; this.style.backgroundColor=&#039;#020202&#039;; this.style.color=&#039;#ffffff&#039;;\" style=\"border-color:#a8a8a8; color:#a8a8a8;\" class=\"vc_general vc_btn3 vc_btn3-size-sm vc_btn3-shape-square vc_btn3-style-outline-custom\" href=\"https:\/\/wildshot.at\/de\/#projects\" title=\"HOME\">ZUR\u00dcCK ZU PROJEKTEN<\/a><\/div><\/div><\/div><\/div><\/div><div class=\"vc_row-full-width vc_clearfix\"><\/div>\n<\/div>","protected":false},"excerpt":{"rendered":"","protected":false},"author":2,"featured_media":0,"parent":0,"menu_order":0,"comment_status":"closed","ping_status":"closed","template":"template-landing.php","meta":{"_acf_changed":false,"_uf_show_specific_survey":0,"_uf_disable_surveys":false,"footnotes":""},"class_list":["post-3024","page","type-page","status-publish","hentry"],"acf":[],"_links":{"self":[{"href":"https:\/\/wildshot.at\/de\/wp-json\/wp\/v2\/pages\/3024","targetHints":{"allow":["GET"]}}],"collection":[{"href":"https:\/\/wildshot.at\/de\/wp-json\/wp\/v2\/pages"}],"about":[{"href":"https:\/\/wildshot.at\/de\/wp-json\/wp\/v2\/types\/page"}],"author":[{"embeddable":true,"href":"https:\/\/wildshot.at\/de\/wp-json\/wp\/v2\/users\/2"}],"replies":[{"embeddable":true,"href":"https:\/\/wildshot.at\/de\/wp-json\/wp\/v2\/comments?post=3024"}],"version-history":[{"count":20,"href":"https:\/\/wildshot.at\/de\/wp-json\/wp\/v2\/pages\/3024\/revisions"}],"predecessor-version":[{"id":4813,"href":"https:\/\/wildshot.at\/de\/wp-json\/wp\/v2\/pages\/3024\/revisions\/4813"}],"wp:attachment":[{"href":"https:\/\/wildshot.at\/de\/wp-json\/wp\/v2\/media?parent=3024"}],"curies":[{"name":"wp","href":"https:\/\/api.w.org\/{rel}","templated":true}]}}