{"id":2400,"date":"2019-10-09T16:58:30","date_gmt":"2019-10-09T14:58:30","guid":{"rendered":"http:\/\/wildshot.at\/?page_id=2400"},"modified":"2023-12-01T16:38:10","modified_gmt":"2023-12-01T15:38:10","slug":"impressum","status":"publish","type":"page","link":"https:\/\/wildshot.at\/de\/impressum\/","title":{"rendered":"Impressum"},"content":{"rendered":"<div class=\"wpb-content-wrapper\"><div class=\"vc_row wpb_row vc_row-fluid vc_row-69de91fc14b80\"><div class=\"wpb_column vc_column_container vc_col-sm-12 vc_row-69de91fc14e99\"><div class=\"vc_column-inner\"><div class=\"wpb_wrapper\">\n\t<div class=\"wpb_text_column wpb_content_element\" >\n\t\t<div class=\"wpb_wrapper\">\n\t\t\t<p>Wildshot Productions ist eine Marke von:<\/p>\n<p>Fontus Water Technology GmbH<br \/>\nAspangstr. 53\/9 A-1030 Vienna<br \/>\nVAT: ATU70997004<br \/>\nFN 450879 h<\/p>\n<p>Mail:\u00a0studio@wildshot.at<br \/>\nTel: +43 681 108 68 89 7<\/p>\n<p>Handelsgericht Wien<\/p>\n<p><span id=\"page47R_mcid16\" class=\"markedContent\"><span dir=\"ltr\" role=\"presentation\">FB<\/span><span dir=\"ltr\" role=\"presentation\">&#8211;<\/span><span dir=\"ltr\" role=\"presentation\">Gericht: Wien<\/span><\/span><br \/>\nMitglied der Wirtschaftskammer Wien<\/p>\n<p><span id=\"page47R_mcid34\" class=\"markedContent\"><span dir=\"ltr\" role=\"presentation\">Aufsichtsbeh\u00f6rde\/Gewerbebeh\u00f6rd: <span id=\"page47R_mcid35\" class=\"markedContent\">Bezirkshauptmannschaft<\/span> wien<\/span><\/span><span id=\"page47R_mcid35\" class=\"markedContent\"> <\/span><\/p>\n<p><span id=\"page47R_mcid30\" class=\"markedContent\"><span dir=\"ltr\" role=\"presentation\">Berufsrecht: <\/span><\/span><span id=\"page47R_mcid31\" class=\"markedContent\"><span dir=\"ltr\" role=\"presentation\">Gewerbeor<\/span><span dir=\"ltr\" role=\"presentation\">dnung:<\/span><\/span><a href=\"http:\/\/www.ris.bka.gv.at\" target=\"_blank\" rel=\"noopener\"><span id=\"page47R_mcid32\" class=\"markedContent\"> <span dir=\"ltr\" role=\"presentation\">www.ris.bka.gv.at<\/span><\/span><\/a><\/p>\n<p>Gewerbe: Werbeagentur, Fachgruppen Werbung und Marktkommunikation<\/p>\n<p>Gesch\u00e4ftsf\u00fchrer: Mag. des. ind. Kristof Georg Retez\u00e1r<\/p>\n<p><span id=\"page47R_mcid41\" class=\"markedContent\"><span dir=\"ltr\" role=\"presentation\">Verbraucher<\/span> <span dir=\"ltr\" role=\"presentation\">haben<\/span> <span dir=\"ltr\" role=\"presentation\">die<\/span> <span dir=\"ltr\" role=\"presentation\">M\u00f6glichkeit, <\/span><span dir=\"ltr\" role=\"presentation\">Beschwerden<\/span> <span dir=\"ltr\" role=\"presentation\">an<\/span> <span dir=\"ltr\" role=\"presentation\">die<\/span> <span dir=\"ltr\" role=\"presentation\">Online<\/span><span dir=\"ltr\" role=\"presentation\">&#8211;<\/span><span dir=\"ltr\" role=\"presentation\">Streitbeilegungsplattform<\/span> <span dir=\"ltr\" role=\"presentation\">der<\/span> <span dir=\"ltr\" role=\"presentation\">EU<\/span> <span dir=\"ltr\" role=\"presentation\">zu <\/span><span dir=\"ltr\" role=\"presentation\">richten:<\/span><\/span><a href=\"http:\/\/ec.europa.eu\/odr\" target=\"_blank\" rel=\"noopener\"><span id=\"page47R_mcid42\" class=\"markedContent\"> <span dir=\"ltr\" role=\"presentation\">http:\/\/ec.europa.eu\/odr<\/span><\/span><\/a><span id=\"page47R_mcid44\" class=\"markedContent\"><br role=\"presentation\" \/><span dir=\"ltr\" role=\"presentation\">Sie k\u00f6nnen allf\u00e4llige Beschwerde auch an <\/span><span dir=\"ltr\" role=\"presentation\">die<\/span> <span dir=\"ltr\" role=\"presentation\">oben<\/span> <span dir=\"ltr\" role=\"presentation\">angegebene<\/span> <span dir=\"ltr\" role=\"presentation\">E<\/span><span dir=\"ltr\" role=\"presentation\">&#8211;<\/span><span dir=\"ltr\" role=\"presentation\">Mail<\/span><span dir=\"ltr\" role=\"presentation\">&#8211;<\/span><span dir=\"ltr\" role=\"presentation\">Adresse <\/span><span dir=\"ltr\" role=\"presentation\">richten.<\/span><\/span><\/p>\n<p><a href=\"https:\/\/wildshot.at\/wp-content\/uploads\/2019\/11\/Terms-of-use_Wildshot.pdf\" target=\"_blank\" rel=\"noopener noreferrer\">AGB &#8211; Terms of use \u2013 General Conditions of Contract<\/a><\/p>\n<p><a href=\"https:\/\/wildshot.at\/de\/datenschutz\/\">Datenschutz<\/a><\/p>\n\n\t\t<\/div>\n\t<\/div>\n<\/div><\/div><\/div><\/div>\n<\/div>","protected":false},"excerpt":{"rendered":"Wildshot Productions ist eine Marke von: Fontus Water Technology GmbH Aspangstr. 53\/9 A-1030 Vienna VAT: ATU70997004 FN 450879 h Mail:\u00a0studio@wildshot.at Tel: +43 681 108 68 89 7 Handelsgericht Wien FB-Gericht: Wien Mitglied der Wirtschaftskammer Wien Aufsichtsbeh\u00f6rde\/Gewerbebeh\u00f6rd: Bezirkshauptmannschaft wien Berufsrecht: Gewerbeordnung: www.ris.bka.gv.at Gewerbe: Werbeagentur, Fachgruppen Werbung und Marktkommunikation Gesch\u00e4ftsf\u00fchrer: Mag. des. ind. Kristof Georg Retez\u00e1r Verbraucher [...]","protected":false},"author":1,"featured_media":0,"parent":0,"menu_order":0,"comment_status":"closed","ping_status":"closed","template":"","meta":{"_acf_changed":false,"_uf_show_specific_survey":0,"_uf_disable_surveys":false,"footnotes":""},"class_list":["post-2400","page","type-page","status-publish","hentry"],"acf":[],"_links":{"self":[{"href":"https:\/\/wildshot.at\/de\/wp-json\/wp\/v2\/pages\/2400","targetHints":{"allow":["GET"]}}],"collection":[{"href":"https:\/\/wildshot.at\/de\/wp-json\/wp\/v2\/pages"}],"about":[{"href":"https:\/\/wildshot.at\/de\/wp-json\/wp\/v2\/types\/page"}],"author":[{"embeddable":true,"href":"https:\/\/wildshot.at\/de\/wp-json\/wp\/v2\/users\/1"}],"replies":[{"embeddable":true,"href":"https:\/\/wildshot.at\/de\/wp-json\/wp\/v2\/comments?post=2400"}],"version-history":[{"count":11,"href":"https:\/\/wildshot.at\/de\/wp-json\/wp\/v2\/pages\/2400\/revisions"}],"predecessor-version":[{"id":4083,"href":"https:\/\/wildshot.at\/de\/wp-json\/wp\/v2\/pages\/2400\/revisions\/4083"}],"wp:attachment":[{"href":"https:\/\/wildshot.at\/de\/wp-json\/wp\/v2\/media?parent=2400"}],"curies":[{"name":"wp","href":"https:\/\/api.w.org\/{rel}","templated":true}]}}