{"id":2131,"date":"2019-09-24T14:25:36","date_gmt":"2019-09-24T12:25:36","guid":{"rendered":"http:\/\/wildshot.at\/?page_id=2131"},"modified":"2024-10-08T16:18:41","modified_gmt":"2024-10-08T14:18:41","slug":"project-where-ink","status":"publish","type":"page","link":"https:\/\/wildshot.at\/de\/project-where-ink\/","title":{"rendered":"Project-Where ink meets"},"content":{"rendered":"<div class=\"wpb-content-wrapper\"><div data-vc-full-width=\"true\" data-vc-full-width-init=\"false\" class=\"vc_row wpb_row vc_row-fluid vc_custom_1728397119606 vc_row-5cc811f757c63 dark-scheme vc_row-has-fill\">\n    <div class=\"bg-overlay\">\n          <\/div>\n\n    <div class=\"wpb_column vc_column_container vc_col-sm-12 vc_row-69e7ea0bbde4d\"><div class=\"vc_column-inner\"><div class=\"wpb_wrapper\">      <div class=\"heading-block heading-5cdd2723f9933 tal h-h1 vc_custom_1569328859689\">\n                  <h1 class=\"h\"><span>Where ink meets paper <\/span><\/h1>\n              <\/div>\n    \n\t<div class=\"wpb_text_column wpb_content_element\" >\n\t\t<div class=\"wpb_wrapper\">\n\t\t\t<p><span style=\"font-size: 14pt;\"><strong>Animation &amp; Making-of-Video<\/strong><\/span><\/p>\n<p>\u201eWhere ink meets paper\u201c war eine Kooperation zwischen dem <span class=\"searchmatch\">Welt<\/span>&#8211;<span class=\"searchmatch\">bekannt<\/span> Kunstmaterialhersteller <strong><span class=\"st\">Koh-i-Noor Hardtmuth<\/span><\/strong><span class=\"st\">,<\/span> einem Grafikdesigner und Wildshot Productions. Dieses Projekt wurde 2020 mit dem Creative Club Austria Venus Award f\u00fcr die beste Artdirection ausgezeichnet.<\/p>\n<p>Inspiriert vom magischen Fluss schwarzer Tinte auf Papier, erz\u00e4hlen diese Videos eine Geschichte, in der Tinte zum Leben erwacht und sich geheimnisvoll und nahtlos in verschiedene grafische Formen verwandelt. Die Botschaft dahinter vermittelt ein Gef\u00fchl der M\u00fchelosigkeit beim Erschaffen von Kunst und l\u00e4dt dazu ein, den Fluss der Inspiration zu finden. Im Zusammenhang mit den Materialien von <strong><span class=\"st\">Koh-i-Noor Hardtmuth<\/span><\/strong> deutet es darauf hin, dass das Erschaffen von Kunst mit den richtigen Materialien einfach, m\u00fchelos und geschmeidig ist. Fast so, als w\u00fcrde die Tinte lebendig werden, um deine kreative innere Welt auszudr\u00fccken.<\/p>\n<p><a href=\"https:\/\/www.koh-i-noor.cz\/en\" target=\"_blank\" rel=\"noopener noreferrer\">www.koh-i-noor.cz<\/a><\/p>\n\n\t\t<\/div>\n\t<\/div>\n<div class=\"vc_row wpb_row vc_inner vc_row-fluid\"><div class=\"wpb_column vc_column_container vc_col-sm-6\"><div class=\"vc_column-inner\"><div class=\"wpb_wrapper\">    <div class=\"video-block video-block-63035ea23c65b fix-height light-color vc_custom_1661165246640  wpb_animate_when_almost_visible wpb_slideInLeft slideInLeft\" style=\"height: 310px;\">\n      \n    <div class=\"bg-overlay\">\n                        <div class=\"image\" style=\"background-image: url(https:\/\/wildshot.at\/wp-content\/uploads\/2022\/08\/tropfen-2-1.jpg)\"><\/div>\n                            <\/div>\n\n          <div class=\"content\">\n                <a class=\"play-button single-popup-item\" href=\"#\" data-type=\"video\" data-size=\"960x640\" data-video='<div class=\"wrapper\"><div class=\"video-wrapper\"><iframe loading=\"lazy\" class=\"pswp__video\" width=\"960\" height=\"640\" src=\"https:\/\/player.vimeo.com\/video\/738208651?byline=0&#038;portrait=0&#038;amp\" frameborder=\"0\" allowfullscreen><\/iframe><\/div><\/div>' data-magic-cursor=\"link-small\">\n          <svg>\n            <use xlink:href=\"#dotted-circle\"><\/use>\n          <\/svg>\n          <span><i class=\"essential-compilation-play-button\"><\/i><\/span>\n                  <\/a>\n      <\/div>\n    <\/div>\n        <div class=\"video-block video-block-63035f72c2405 fix-height light-color vc_custom_1661165723617  wpb_animate_when_almost_visible wpb_slideInLeft slideInLeft\" style=\"height: 310px;\">\n      \n    <div class=\"bg-overlay\">\n                        <div class=\"image\" style=\"background-image: url(https:\/\/wildshot.at\/wp-content\/uploads\/2022\/08\/A-Nature.jpg)\"><\/div>\n                            <\/div>\n\n          <div class=\"content\">\n                <a class=\"play-button single-popup-item\" href=\"#\" data-type=\"video\" data-size=\"960x640\" data-video='<div class=\"wrapper\"><div class=\"video-wrapper\"><iframe loading=\"lazy\" class=\"pswp__video\" width=\"960\" height=\"640\" src=\"https:\/\/player.vimeo.com\/video\/360607180?byline=0&#038;portrait=0&#038;amp\" frameborder=\"0\" allowfullscreen><\/iframe><\/div><\/div>' data-magic-cursor=\"link-small\">\n          <svg>\n            <use xlink:href=\"#dotted-circle\"><\/use>\n          <\/svg>\n          <span><i class=\"essential-compilation-play-button\"><\/i><\/span>\n                  <\/a>\n      <\/div>\n    <\/div>\n    <\/div><\/div><\/div><div class=\"wpb_column vc_column_container vc_col-sm-6\"><div class=\"vc_column-inner\"><div class=\"wpb_wrapper\">    <div class=\"video-block video-block-63035f4c3529e fix-height light-color vc_custom_1661165398552  wpb_animate_when_almost_visible wpb_slideInLeft slideInLeft\" style=\"height: 310px;\">\n      \n    <div class=\"bg-overlay\">\n                        <div class=\"image\" style=\"background-image: url(https:\/\/wildshot.at\/wp-content\/uploads\/2022\/08\/making-wolf-thumbnail.jpg)\"><\/div>\n                            <\/div>\n\n          <div class=\"content\">\n                <a class=\"play-button single-popup-item\" href=\"#\" data-type=\"video\" data-size=\"960x640\" data-video='<div class=\"wrapper\"><div class=\"video-wrapper\"><iframe loading=\"lazy\" class=\"pswp__video\" width=\"960\" height=\"640\" src=\"https:\/\/player.vimeo.com\/video\/360605570?byline=0&#038;portrait=0&#038;amp\" frameborder=\"0\" allowfullscreen><\/iframe><\/div><\/div>' data-magic-cursor=\"link-small\">\n          <svg>\n            <use xlink:href=\"#dotted-circle\"><\/use>\n          <\/svg>\n          <span><i class=\"essential-compilation-play-button\"><\/i><\/span>\n                  <\/a>\n      <\/div>\n    <\/div>\n        <div class=\"video-block video-block-630360a7867f0 fix-height light-color vc_custom_1661165751248  wpb_animate_when_almost_visible wpb_slideInLeft slideInLeft\" style=\"height: 310px;\">\n      \n    <div class=\"bg-overlay\">\n                        <div class=\"image\" style=\"background-image: url(https:\/\/wildshot.at\/wp-content\/uploads\/2022\/08\/A-History.jpg)\"><\/div>\n                            <\/div>\n\n          <div class=\"content\">\n                <a class=\"play-button single-popup-item\" href=\"#\" data-type=\"video\" data-size=\"960x640\" data-video='<div class=\"wrapper\"><div class=\"video-wrapper\"><iframe loading=\"lazy\" class=\"pswp__video\" width=\"960\" height=\"640\" src=\"https:\/\/player.vimeo.com\/video\/360609000?byline=0&#038;portrait=0&#038;amp\" frameborder=\"0\" allowfullscreen><\/iframe><\/div><\/div>' data-magic-cursor=\"link-small\">\n          <svg>\n            <use xlink:href=\"#dotted-circle\"><\/use>\n          <\/svg>\n          <span><i class=\"essential-compilation-play-button\"><\/i><\/span>\n                  <\/a>\n      <\/div>\n    <\/div>\n    <\/div><\/div><\/div><\/div><div class=\"vc_btn3-container vc_btn3-right vc_custom_1661171163351 vc_do_btn\" ><a onmouseleave=\"this.style.borderColor=&#039;#a8a8a8&#039;; this.style.backgroundColor=&#039;transparent&#039;; this.style.color=&#039;#a8a8a8&#039;\" onmouseenter=\"this.style.borderColor=&#039;#020202&#039;; this.style.backgroundColor=&#039;#020202&#039;; this.style.color=&#039;#ffffff&#039;;\" style=\"border-color:#a8a8a8; color:#a8a8a8;\" class=\"vc_general vc_btn3 vc_btn3-size-sm vc_btn3-shape-square vc_btn3-style-outline-custom\" href=\"https:\/\/wildshot.at\/de\/#projects\" title=\"HOME\">ZUR\u00dcCK ZU PROJEKTEN<\/a><\/div>      <div class=\"heading-block heading-5d8a3410e92e2 tal h-h2 vc_custom_1569338394103\">\n                  <h2 class=\"h\"><span>STILLS<\/span><\/h2>\n              <\/div>\n    \t\t\t\t\t\t\t<div class=\"portfolio-block filter-block portfolio-5d8a0f6907bfc popup-gallery portfolio-masonry style-style3\" data-type=\"masonry\">\n\t\t\t\t\t\n\t\t\t\t\t<div class=\"row isotope\">\n\t\t\t\t\t\t\t\t\t\t\t\t\t<div class=\"grid-sizer col-1\"><\/div>\n\t\t\t\t\t\t\t\t<article class=\"category-where-ink-pics popup-item  col-6 col-sm-6 col-md-6 col-lg-6 col-xl-4\">\n\t\t\t<div class=\"portfolio-item-grid2 wpb_animate_when_almost_visible wpb_fadeInLeft fadeInLeft post-3688 fw-portfolio type-fw-portfolio status-publish has-post-thumbnail hentry fw-portfolio-category-where-ink-pics\">\n\t\t\t\t<div class=\"img-block\">\n\t\t\t\t\t<img loading=\"lazy\" decoding=\"async\" width=\"1024\" height=\"576\" src=\"https:\/\/wildshot.at\/wp-content\/uploads\/2022\/08\/Master-version.00_00_50_13.Still013-1024x576.jpg\" class=\"attachment-large size-large\" alt=\"\" srcset=\"https:\/\/wildshot.at\/wp-content\/uploads\/2022\/08\/Master-version.00_00_50_13.Still013-1024x576.jpg 1024w, https:\/\/wildshot.at\/wp-content\/uploads\/2022\/08\/Master-version.00_00_50_13.Still013-300x169.jpg 300w, https:\/\/wildshot.at\/wp-content\/uploads\/2022\/08\/Master-version.00_00_50_13.Still013-1536x864.jpg 1536w, https:\/\/wildshot.at\/wp-content\/uploads\/2022\/08\/Master-version.00_00_50_13.Still013-600x338.jpg 600w, https:\/\/wildshot.at\/wp-content\/uploads\/2022\/08\/Master-version.00_00_50_13.Still013.jpg 1800w\" sizes=\"auto, (max-width: 1024px) 100vw, 1024px\" \/>\t\t\t\t<\/div>\n\t\t\t\t<div class=\"content\">\n\t\t\t\t\t<h5 class=\"h\"><\/h5>\n\t\t\t\t\t\t\t\t\t\t\t<div class=\"cat\">Where ink.. Pics<\/div>\n\t\t\t\t\t\t\t\t\t<\/div>\n\t\t\t\t<a href=\"https:\/\/wildshot.at\/wp-content\/uploads\/2022\/08\/Master-version.00_00_50_13.Still013.jpg\" data-size=\"1800x1013\" data-magic-cursor=\"link-w-text\" data-magic-cursor-text=\"View\" data-id=\"1\"><\/a>\t\t\t<\/div>\n\t\t<\/article>\n\t\t\t\t<article class=\"category-where-ink-pics popup-item  col-6 col-sm-6 col-md-6 col-lg-6 col-xl-4\">\n\t\t\t<div class=\"portfolio-item-grid2 wpb_animate_when_almost_visible wpb_fadeInLeft fadeInLeft post-3684 fw-portfolio type-fw-portfolio status-publish has-post-thumbnail hentry fw-portfolio-category-where-ink-pics\">\n\t\t\t\t<div class=\"img-block\">\n\t\t\t\t\t<img loading=\"lazy\" decoding=\"async\" width=\"1024\" height=\"576\" src=\"https:\/\/wildshot.at\/wp-content\/uploads\/2022\/08\/Main-sequence-animals.00_01_06_54.Still011-1024x576.jpg\" class=\"attachment-large size-large\" alt=\"\" srcset=\"https:\/\/wildshot.at\/wp-content\/uploads\/2022\/08\/Main-sequence-animals.00_01_06_54.Still011-1024x576.jpg 1024w, https:\/\/wildshot.at\/wp-content\/uploads\/2022\/08\/Main-sequence-animals.00_01_06_54.Still011-300x169.jpg 300w, https:\/\/wildshot.at\/wp-content\/uploads\/2022\/08\/Main-sequence-animals.00_01_06_54.Still011-1536x864.jpg 1536w, https:\/\/wildshot.at\/wp-content\/uploads\/2022\/08\/Main-sequence-animals.00_01_06_54.Still011-600x338.jpg 600w, https:\/\/wildshot.at\/wp-content\/uploads\/2022\/08\/Main-sequence-animals.00_01_06_54.Still011.jpg 1800w\" sizes=\"auto, (max-width: 1024px) 100vw, 1024px\" \/>\t\t\t\t<\/div>\n\t\t\t\t<div class=\"content\">\n\t\t\t\t\t<h5 class=\"h\"><\/h5>\n\t\t\t\t\t\t\t\t\t\t\t<div class=\"cat\">Where ink.. Pics<\/div>\n\t\t\t\t\t\t\t\t\t<\/div>\n\t\t\t\t<a href=\"https:\/\/wildshot.at\/wp-content\/uploads\/2022\/08\/Main-sequence-animals.00_01_06_54.Still011.jpg\" data-size=\"1800x1013\" data-magic-cursor=\"link-w-text\" data-magic-cursor-text=\"View\" data-id=\"2\"><\/a>\t\t\t<\/div>\n\t\t<\/article>\n\t\t\t\t<article class=\"category-where-ink-pics popup-item  col-6 col-sm-6 col-md-6 col-lg-6 col-xl-4\">\n\t\t\t<div class=\"portfolio-item-grid2 wpb_animate_when_almost_visible wpb_fadeInLeft fadeInLeft post-2161 fw-portfolio type-fw-portfolio status-publish has-post-thumbnail hentry fw-portfolio-category-where-ink-pics\">\n\t\t\t\t<div class=\"img-block\">\n\t\t\t\t\t<img loading=\"lazy\" decoding=\"async\" width=\"1024\" height=\"576\" src=\"https:\/\/wildshot.at\/wp-content\/uploads\/2019\/09\/ship-1-1024x576.jpg\" class=\"attachment-large size-large\" alt=\"\" srcset=\"https:\/\/wildshot.at\/wp-content\/uploads\/2019\/09\/ship-1-1024x576.jpg 1024w, https:\/\/wildshot.at\/wp-content\/uploads\/2019\/09\/ship-1-300x169.jpg 300w, https:\/\/wildshot.at\/wp-content\/uploads\/2019\/09\/ship-1-768x432.jpg 768w, https:\/\/wildshot.at\/wp-content\/uploads\/2019\/09\/ship-1-600x338.jpg 600w, https:\/\/wildshot.at\/wp-content\/uploads\/2019\/09\/ship-1.jpg 1800w\" sizes=\"auto, (max-width: 1024px) 100vw, 1024px\" \/>\t\t\t\t<\/div>\n\t\t\t\t<div class=\"content\">\n\t\t\t\t\t<h5 class=\"h\"><\/h5>\n\t\t\t\t\t\t\t\t\t\t\t<div class=\"cat\">Where ink.. Pics<\/div>\n\t\t\t\t\t\t\t\t\t<\/div>\n\t\t\t\t<a href=\"https:\/\/wildshot.at\/wp-content\/uploads\/2019\/09\/ship-1.jpg\" data-size=\"1800x1013\" data-magic-cursor=\"link-w-text\" data-magic-cursor-text=\"View\" data-id=\"3\"><\/a>\t\t\t<\/div>\n\t\t<\/article>\n\t\t\t\t<article class=\"category-where-ink-pics popup-item  col-6 col-sm-6 col-md-6 col-lg-6 col-xl-4\">\n\t\t\t<div class=\"portfolio-item-grid2 wpb_animate_when_almost_visible wpb_fadeInLeft fadeInLeft post-2157 fw-portfolio type-fw-portfolio status-publish has-post-thumbnail hentry fw-portfolio-category-where-ink-pics\">\n\t\t\t\t<div class=\"img-block\">\n\t\t\t\t\t<img loading=\"lazy\" decoding=\"async\" width=\"1024\" height=\"576\" src=\"https:\/\/wildshot.at\/wp-content\/uploads\/2019\/09\/desk-2-1024x576.jpg\" class=\"attachment-large size-large\" alt=\"\" srcset=\"https:\/\/wildshot.at\/wp-content\/uploads\/2019\/09\/desk-2-1024x576.jpg 1024w, https:\/\/wildshot.at\/wp-content\/uploads\/2019\/09\/desk-2-300x169.jpg 300w, https:\/\/wildshot.at\/wp-content\/uploads\/2019\/09\/desk-2-768x432.jpg 768w, https:\/\/wildshot.at\/wp-content\/uploads\/2019\/09\/desk-2-600x338.jpg 600w, https:\/\/wildshot.at\/wp-content\/uploads\/2019\/09\/desk-2.jpg 1800w\" sizes=\"auto, (max-width: 1024px) 100vw, 1024px\" \/>\t\t\t\t<\/div>\n\t\t\t\t<div class=\"content\">\n\t\t\t\t\t<h5 class=\"h\"><\/h5>\n\t\t\t\t\t\t\t\t\t\t\t<div class=\"cat\">Where ink.. Pics<\/div>\n\t\t\t\t\t\t\t\t\t<\/div>\n\t\t\t\t<a href=\"https:\/\/wildshot.at\/wp-content\/uploads\/2019\/09\/desk-2.jpg\" data-size=\"1800x1013\" data-magic-cursor=\"link-w-text\" data-magic-cursor-text=\"View\" data-id=\"4\"><\/a>\t\t\t<\/div>\n\t\t<\/article>\n\t\t\t\t<article class=\"category-where-ink-pics popup-item  col-6 col-sm-6 col-md-6 col-lg-6 col-xl-4\">\n\t\t\t<div class=\"portfolio-item-grid2 wpb_animate_when_almost_visible wpb_fadeInLeft fadeInLeft post-2154 fw-portfolio type-fw-portfolio status-publish has-post-thumbnail hentry fw-portfolio-category-where-ink-pics\">\n\t\t\t\t<div class=\"img-block\">\n\t\t\t\t\t<img loading=\"lazy\" decoding=\"async\" width=\"1024\" height=\"576\" src=\"https:\/\/wildshot.at\/wp-content\/uploads\/2019\/09\/making-beamer2-1024x576.jpg\" class=\"attachment-large size-large\" alt=\"\" srcset=\"https:\/\/wildshot.at\/wp-content\/uploads\/2019\/09\/making-beamer2-1024x576.jpg 1024w, https:\/\/wildshot.at\/wp-content\/uploads\/2019\/09\/making-beamer2-300x169.jpg 300w, https:\/\/wildshot.at\/wp-content\/uploads\/2019\/09\/making-beamer2-768x432.jpg 768w, https:\/\/wildshot.at\/wp-content\/uploads\/2019\/09\/making-beamer2-600x338.jpg 600w, https:\/\/wildshot.at\/wp-content\/uploads\/2019\/09\/making-beamer2.jpg 1920w\" sizes=\"auto, (max-width: 1024px) 100vw, 1024px\" \/>\t\t\t\t<\/div>\n\t\t\t\t<div class=\"content\">\n\t\t\t\t\t<h5 class=\"h\"><\/h5>\n\t\t\t\t\t\t\t\t\t\t\t<div class=\"cat\">Where ink.. Pics<\/div>\n\t\t\t\t\t\t\t\t\t<\/div>\n\t\t\t\t<a href=\"https:\/\/wildshot.at\/wp-content\/uploads\/2019\/09\/making-beamer2.jpg\" data-size=\"1920x1080\" data-magic-cursor=\"link-w-text\" data-magic-cursor-text=\"View\" data-id=\"5\"><\/a>\t\t\t<\/div>\n\t\t<\/article>\n\t\t\t\t<article class=\"category-where-ink-pics popup-item  col-6 col-sm-6 col-md-6 col-lg-6 col-xl-4\">\n\t\t\t<div class=\"portfolio-item-grid2 wpb_animate_when_almost_visible wpb_fadeInLeft fadeInLeft post-2150 fw-portfolio type-fw-portfolio status-publish has-post-thumbnail hentry fw-portfolio-category-where-ink-pics\">\n\t\t\t\t<div class=\"img-block\">\n\t\t\t\t\t<img loading=\"lazy\" decoding=\"async\" width=\"1024\" height=\"576\" src=\"https:\/\/wildshot.at\/wp-content\/uploads\/2019\/09\/drawing_S-1024x576.jpg\" class=\"attachment-large size-large\" alt=\"\" srcset=\"https:\/\/wildshot.at\/wp-content\/uploads\/2019\/09\/drawing_S-1024x576.jpg 1024w, https:\/\/wildshot.at\/wp-content\/uploads\/2019\/09\/drawing_S-300x169.jpg 300w, https:\/\/wildshot.at\/wp-content\/uploads\/2019\/09\/drawing_S-768x432.jpg 768w, https:\/\/wildshot.at\/wp-content\/uploads\/2019\/09\/drawing_S-600x338.jpg 600w, https:\/\/wildshot.at\/wp-content\/uploads\/2019\/09\/drawing_S.jpg 1800w\" sizes=\"auto, (max-width: 1024px) 100vw, 1024px\" \/>\t\t\t\t<\/div>\n\t\t\t\t<div class=\"content\">\n\t\t\t\t\t<h5 class=\"h\"><\/h5>\n\t\t\t\t\t\t\t\t\t\t\t<div class=\"cat\">Where ink.. Pics<\/div>\n\t\t\t\t\t\t\t\t\t<\/div>\n\t\t\t\t<a href=\"https:\/\/wildshot.at\/wp-content\/uploads\/2019\/09\/drawing_S.jpg\" data-size=\"1800x1013\" data-magic-cursor=\"link-w-text\" data-magic-cursor-text=\"View\" data-id=\"6\"><\/a>\t\t\t<\/div>\n\t\t<\/article>\n\t\t\t\t<article class=\"category-where-ink-pics popup-item  col-6 col-sm-6 col-md-6 col-lg-6 col-xl-4\">\n\t\t\t<div class=\"portfolio-item-grid2 wpb_animate_when_almost_visible wpb_fadeInLeft fadeInLeft post-2144 fw-portfolio type-fw-portfolio status-publish has-post-thumbnail hentry fw-portfolio-category-where-ink-pics\">\n\t\t\t\t<div class=\"img-block\">\n\t\t\t\t\t<img loading=\"lazy\" decoding=\"async\" width=\"1024\" height=\"576\" src=\"https:\/\/wildshot.at\/wp-content\/uploads\/2019\/09\/thumbnail-tinte-1024x576.jpg\" class=\"attachment-large size-large\" alt=\"\" srcset=\"https:\/\/wildshot.at\/wp-content\/uploads\/2019\/09\/thumbnail-tinte-1024x576.jpg 1024w, https:\/\/wildshot.at\/wp-content\/uploads\/2019\/09\/thumbnail-tinte-300x169.jpg 300w, https:\/\/wildshot.at\/wp-content\/uploads\/2019\/09\/thumbnail-tinte-768x432.jpg 768w, https:\/\/wildshot.at\/wp-content\/uploads\/2019\/09\/thumbnail-tinte-600x338.jpg 600w, https:\/\/wildshot.at\/wp-content\/uploads\/2019\/09\/thumbnail-tinte.jpg 1920w\" sizes=\"auto, (max-width: 1024px) 100vw, 1024px\" \/>\t\t\t\t<\/div>\n\t\t\t\t<div class=\"content\">\n\t\t\t\t\t<h5 class=\"h\"><\/h5>\n\t\t\t\t\t\t\t\t\t\t\t<div class=\"cat\">Where ink.. Pics<\/div>\n\t\t\t\t\t\t\t\t\t<\/div>\n\t\t\t\t<a href=\"https:\/\/wildshot.at\/wp-content\/uploads\/2019\/09\/thumbnail-tinte.jpg\" data-size=\"1920x1080\" data-magic-cursor=\"link-w-text\" data-magic-cursor-text=\"View\" data-id=\"7\"><\/a>\t\t\t<\/div>\n\t\t<\/article>\n\t\t\t\t<article class=\"category-where-ink-pics popup-item  col-6 col-sm-6 col-md-6 col-lg-6 col-xl-4\">\n\t\t\t<div class=\"portfolio-item-grid2 wpb_animate_when_almost_visible wpb_fadeInLeft fadeInLeft post-2141 fw-portfolio type-fw-portfolio status-publish has-post-thumbnail hentry fw-portfolio-category-where-ink-pics\">\n\t\t\t\t<div class=\"img-block\">\n\t\t\t\t\t<img loading=\"lazy\" decoding=\"async\" width=\"1024\" height=\"576\" src=\"https:\/\/wildshot.at\/wp-content\/uploads\/2019\/09\/thumbnail-crown-1024x576.jpg\" class=\"attachment-large size-large\" alt=\"\" srcset=\"https:\/\/wildshot.at\/wp-content\/uploads\/2019\/09\/thumbnail-crown-1024x576.jpg 1024w, https:\/\/wildshot.at\/wp-content\/uploads\/2019\/09\/thumbnail-crown-300x169.jpg 300w, https:\/\/wildshot.at\/wp-content\/uploads\/2019\/09\/thumbnail-crown-768x432.jpg 768w, https:\/\/wildshot.at\/wp-content\/uploads\/2019\/09\/thumbnail-crown-600x338.jpg 600w, https:\/\/wildshot.at\/wp-content\/uploads\/2019\/09\/thumbnail-crown.jpg 1920w\" sizes=\"auto, (max-width: 1024px) 100vw, 1024px\" \/>\t\t\t\t<\/div>\n\t\t\t\t<div class=\"content\">\n\t\t\t\t\t<h5 class=\"h\"><\/h5>\n\t\t\t\t\t\t\t\t\t\t\t<div class=\"cat\">Where ink.. Pics<\/div>\n\t\t\t\t\t\t\t\t\t<\/div>\n\t\t\t\t<a href=\"https:\/\/wildshot.at\/wp-content\/uploads\/2019\/09\/thumbnail-crown.jpg\" data-size=\"1920x1080\" data-magic-cursor=\"link-w-text\" data-magic-cursor-text=\"View\" data-id=\"8\"><\/a>\t\t\t<\/div>\n\t\t<\/article>\n\t\t\t\t<article class=\"category-product-fotos category-where-ink-pics popup-item  col-6 col-sm-6 col-md-6 col-lg-6 col-xl-4\">\n\t\t\t<div class=\"portfolio-item-grid2 wpb_animate_when_almost_visible wpb_fadeInLeft fadeInLeft post-1941 fw-portfolio type-fw-portfolio status-publish has-post-thumbnail hentry fw-portfolio-category-product-fotos fw-portfolio-category-where-ink-pics\">\n\t\t\t\t<div class=\"img-block\">\n\t\t\t\t\t<img loading=\"lazy\" decoding=\"async\" width=\"1024\" height=\"576\" src=\"https:\/\/wildshot.at\/wp-content\/uploads\/2019\/09\/castle2-1-1024x576.jpg\" class=\"attachment-large size-large\" alt=\"\" srcset=\"https:\/\/wildshot.at\/wp-content\/uploads\/2019\/09\/castle2-1-1024x576.jpg 1024w, https:\/\/wildshot.at\/wp-content\/uploads\/2019\/09\/castle2-1-300x169.jpg 300w, https:\/\/wildshot.at\/wp-content\/uploads\/2019\/09\/castle2-1-768x432.jpg 768w, https:\/\/wildshot.at\/wp-content\/uploads\/2019\/09\/castle2-1-600x338.jpg 600w, https:\/\/wildshot.at\/wp-content\/uploads\/2019\/09\/castle2-1.jpg 1800w\" sizes=\"auto, (max-width: 1024px) 100vw, 1024px\" \/>\t\t\t\t<\/div>\n\t\t\t\t<div class=\"content\">\n\t\t\t\t\t<h5 class=\"h\"><\/h5>\n\t\t\t\t\t\t\t\t\t\t\t<div class=\"cat\">Product fotos, Where ink.. Pics<\/div>\n\t\t\t\t\t\t\t\t\t<\/div>\n\t\t\t\t<a href=\"https:\/\/wildshot.at\/wp-content\/uploads\/2019\/09\/castle2-1.jpg\" data-size=\"1800x1013\" data-magic-cursor=\"link-w-text\" data-magic-cursor-text=\"View\" data-id=\"9\"><\/a>\t\t\t<\/div>\n\t\t<\/article>\n\t\t\t\t\t\t\t<\/div>\n\t\t\t\t\t\t\t\t\t<\/div>\n\t\t\t\t\t\t<div class=\"vc_btn3-container vc_btn3-left vc_custom_1661171169666 vc_do_btn\" ><a onmouseleave=\"this.style.borderColor=&#039;#a8a8a8&#039;; this.style.backgroundColor=&#039;transparent&#039;; this.style.color=&#039;#a8a8a8&#039;\" onmouseenter=\"this.style.borderColor=&#039;#020202&#039;; this.style.backgroundColor=&#039;#020202&#039;; this.style.color=&#039;#ffffff&#039;;\" style=\"border-color:#a8a8a8; color:#a8a8a8;\" class=\"vc_general vc_btn3 vc_btn3-size-sm vc_btn3-shape-square vc_btn3-style-outline-custom\" href=\"https:\/\/wildshot.at\/de\/#projects\" title=\"HOME\">ZUR\u00dcCK ZU PROJEKTEN<\/a><\/div><\/div><\/div><\/div><\/div><div class=\"vc_row-full-width vc_clearfix\"><\/div>\n<\/div>","protected":false},"excerpt":{"rendered":"","protected":false},"author":2,"featured_media":0,"parent":0,"menu_order":0,"comment_status":"closed","ping_status":"closed","template":"template-landing.php","meta":{"_acf_changed":false,"_uf_show_specific_survey":0,"_uf_disable_surveys":false,"footnotes":""},"class_list":["post-2131","page","type-page","status-publish","hentry"],"acf":[],"_links":{"self":[{"href":"https:\/\/wildshot.at\/de\/wp-json\/wp\/v2\/pages\/2131","targetHints":{"allow":["GET"]}}],"collection":[{"href":"https:\/\/wildshot.at\/de\/wp-json\/wp\/v2\/pages"}],"about":[{"href":"https:\/\/wildshot.at\/de\/wp-json\/wp\/v2\/types\/page"}],"author":[{"embeddable":true,"href":"https:\/\/wildshot.at\/de\/wp-json\/wp\/v2\/users\/2"}],"replies":[{"embeddable":true,"href":"https:\/\/wildshot.at\/de\/wp-json\/wp\/v2\/comments?post=2131"}],"version-history":[{"count":22,"href":"https:\/\/wildshot.at\/de\/wp-json\/wp\/v2\/pages\/2131\/revisions"}],"predecessor-version":[{"id":4840,"href":"https:\/\/wildshot.at\/de\/wp-json\/wp\/v2\/pages\/2131\/revisions\/4840"}],"wp:attachment":[{"href":"https:\/\/wildshot.at\/de\/wp-json\/wp\/v2\/media?parent=2131"}],"curies":[{"name":"wp","href":"https:\/\/api.w.org\/{rel}","templated":true}]}}